{"id":2549,"date":"2022-12-14T08:34:39","date_gmt":"2022-12-14T11:34:39","guid":{"rendered":"https:\/\/felinelingeries.com\/loja-virtual\/?post_type=product&#038;p=2549"},"modified":"2024-08-14T21:06:27","modified_gmt":"2024-08-15T00:06:27","slug":"biquini-maggie-barbie","status":"publish","type":"product","link":"https:\/\/felinelingeries.com\/loja-virtual\/produto\/biquini-maggie-barbie\/","title":{"rendered":"Biquini Maggie Barbie"},"content":{"rendered":"<p>Biquini cole\u00e7\u00e3o Maggie, tecido diferenciado com toque macio.<\/p>\n<p>Busto meia ta\u00e7a com bojo, aro, al\u00e7as largas e amarra\u00e7\u00e3o nas costas. Muito confort\u00e1vel.<\/p>\n<p>Calcinha hot pant, com detalhe de recorte no tecido e etiqueta exclusiva. Calcinha tanga.<\/p>\n<p>Escolha seu tamanho:<\/p>\n<p>P &#8211; veste manequim 34\/36. Busto 40<\/p>\n<p>M &#8211; veste manequim 38\/40. Busto 42<\/p>\n<p>G &#8211; veste manequim 42\/44. Busto 44<\/p>\n<p>GG veste manequim 46. Busto 46<\/p>\n","protected":false},"excerpt":{"rendered":"<p>Biquini cole\u00e7\u00e3o Maggie, tecido diferenciado com toque macio. Busto meia ta\u00e7a com bojo, aro, al\u00e7as largas e amarra\u00e7\u00e3o nas costas. Muito confort\u00e1vel. Calcinha hot pant, com detalhe de recorte no tecido e etiqueta exclusiva. Calcinha tanga. Escolha seu tamanho: P &#8211; veste manequim 34\/36. Busto 40 M &#8211; veste manequim 38\/40. Busto 42 G &#8211; [&#8230;]\n","protected":false},"featured_media":2547,"template":"","meta":[],"product_brand":[],"product_cat":[163,23,220,221],"product_tag":[224,222,225,223],"class_list":{"0":"post-2549","1":"product","2":"type-product","3":"status-publish","4":"has-post-thumbnail","6":"product_cat-outlet","7":"product_cat-biquinis","8":"product_cat-conjunto","9":"product_cat-hot-pant","10":"product_tag-alta","11":"product_tag-hot-pant","12":"product_tag-lua-lua","13":"product_tag-maggie","14":"pa_tamanho-g","16":"first","17":"instock","18":"sale","19":"sold-individually","20":"shipping-taxable","21":"purchasable","22":"product-type-variable"},"yoast_head":"<!-- This site is optimized with the Yoast SEO plugin v27.2 - https:\/\/yoast.com\/product\/yoast-seo-wordpress\/ -->\n<title>Biquini Maggie Barbie - Feline<\/title>\n<meta name=\"robots\" content=\"index, follow, max-snippet:-1, max-image-preview:large, max-video-preview:-1\" \/>\n<link rel=\"canonical\" href=\"https:\/\/felinelingeries.com\/loja-virtual\/produto\/biquini-maggie-barbie\/\" \/>\n<meta property=\"og:locale\" content=\"pt_BR\" \/>\n<meta property=\"og:type\" content=\"article\" \/>\n<meta property=\"og:title\" content=\"Biquini Maggie Barbie - Feline\" \/>\n<meta property=\"og:description\" content=\"Biquini cole\u00e7\u00e3o Maggie, tecido diferenciado com toque macio. Busto meia ta\u00e7a com bojo, aro, al\u00e7as largas e amarra\u00e7\u00e3o nas costas. Muito confort\u00e1vel. Calcinha hot pant, com detalhe de recorte no tecido e etiqueta exclusiva. Calcinha tanga. Escolha seu tamanho: P &#8211; veste manequim 34\/36. Busto 40 M &#8211; veste manequim 38\/40. Busto 42 G &#8211; [...]\" \/>\n<meta property=\"og:url\" content=\"https:\/\/felinelingeries.com\/loja-virtual\/produto\/biquini-maggie-barbie\/\" \/>\n<meta property=\"og:site_name\" content=\"Feline\" \/>\n<meta property=\"article:publisher\" content=\"https:\/\/www.facebook.com\/amofeline\" \/>\n<meta property=\"article:modified_time\" content=\"2024-08-15T00:06:27+00:00\" \/>\n<meta property=\"og:image\" content=\"https:\/\/i0.wp.com\/felinelingeries.com\/loja-virtual\/wp-content\/uploads\/2022\/12\/img_8287.jpeg?fit=1080%2C1620&ssl=1\" \/>\n\t<meta property=\"og:image:width\" content=\"1080\" \/>\n\t<meta property=\"og:image:height\" content=\"1620\" \/>\n\t<meta property=\"og:image:type\" content=\"image\/jpeg\" \/>\n<meta name=\"twitter:card\" content=\"summary_large_image\" \/>\n<script type=\"application\/ld+json\" class=\"yoast-schema-graph\">{\"@context\":\"https:\/\/schema.org\",\"@graph\":[{\"@type\":\"WebPage\",\"@id\":\"https:\/\/felinelingeries.com\/loja-virtual\/produto\/biquini-maggie-barbie\/\",\"url\":\"https:\/\/felinelingeries.com\/loja-virtual\/produto\/biquini-maggie-barbie\/\",\"name\":\"Biquini Maggie Barbie - Feline\",\"isPartOf\":{\"@id\":\"https:\/\/felinelingeries.com\/loja-virtual\/#website\"},\"primaryImageOfPage\":{\"@id\":\"https:\/\/felinelingeries.com\/loja-virtual\/produto\/biquini-maggie-barbie\/#primaryimage\"},\"image\":{\"@id\":\"https:\/\/felinelingeries.com\/loja-virtual\/produto\/biquini-maggie-barbie\/#primaryimage\"},\"thumbnailUrl\":\"https:\/\/i0.wp.com\/felinelingeries.com\/loja-virtual\/wp-content\/uploads\/2022\/12\/img_8287.jpeg?fit=1080%2C1620&ssl=1\",\"datePublished\":\"2022-12-14T11:34:39+00:00\",\"dateModified\":\"2024-08-15T00:06:27+00:00\",\"breadcrumb\":{\"@id\":\"https:\/\/felinelingeries.com\/loja-virtual\/produto\/biquini-maggie-barbie\/#breadcrumb\"},\"inLanguage\":\"pt-BR\",\"potentialAction\":[{\"@type\":\"ReadAction\",\"target\":[\"https:\/\/felinelingeries.com\/loja-virtual\/produto\/biquini-maggie-barbie\/\"]}]},{\"@type\":\"ImageObject\",\"inLanguage\":\"pt-BR\",\"@id\":\"https:\/\/felinelingeries.com\/loja-virtual\/produto\/biquini-maggie-barbie\/#primaryimage\",\"url\":\"https:\/\/i0.wp.com\/felinelingeries.com\/loja-virtual\/wp-content\/uploads\/2022\/12\/img_8287.jpeg?fit=1080%2C1620&ssl=1\",\"contentUrl\":\"https:\/\/i0.wp.com\/felinelingeries.com\/loja-virtual\/wp-content\/uploads\/2022\/12\/img_8287.jpeg?fit=1080%2C1620&ssl=1\",\"width\":1080,\"height\":1620},{\"@type\":\"BreadcrumbList\",\"@id\":\"https:\/\/felinelingeries.com\/loja-virtual\/produto\/biquini-maggie-barbie\/#breadcrumb\",\"itemListElement\":[{\"@type\":\"ListItem\",\"position\":1,\"name\":\"In\u00edcio\",\"item\":\"https:\/\/felinelingeries.com\/loja-virtual\/\"},{\"@type\":\"ListItem\",\"position\":2,\"name\":\"Shop\",\"item\":\"https:\/\/felinelingeries.com\/loja-virtual\/shop\/\"},{\"@type\":\"ListItem\",\"position\":3,\"name\":\"Biquini Maggie Barbie\"}]},{\"@type\":\"WebSite\",\"@id\":\"https:\/\/felinelingeries.com\/loja-virtual\/#website\",\"url\":\"https:\/\/felinelingeries.com\/loja-virtual\/\",\"name\":\"Feline\",\"description\":\"Loja online especializada em pijamas, biqu\u00ednis e underwear de alta qualidade\",\"publisher\":{\"@id\":\"https:\/\/felinelingeries.com\/loja-virtual\/#organization\"},\"potentialAction\":[{\"@type\":\"SearchAction\",\"target\":{\"@type\":\"EntryPoint\",\"urlTemplate\":\"https:\/\/felinelingeries.com\/loja-virtual\/?s={search_term_string}\"},\"query-input\":{\"@type\":\"PropertyValueSpecification\",\"valueRequired\":true,\"valueName\":\"search_term_string\"}}],\"inLanguage\":\"pt-BR\"},{\"@type\":\"Organization\",\"@id\":\"https:\/\/felinelingeries.com\/loja-virtual\/#organization\",\"name\":\"Feline\",\"url\":\"https:\/\/felinelingeries.com\/loja-virtual\/\",\"logo\":{\"@type\":\"ImageObject\",\"inLanguage\":\"pt-BR\",\"@id\":\"https:\/\/felinelingeries.com\/loja-virtual\/#\/schema\/logo\/image\/\",\"url\":\"https:\/\/i0.wp.com\/felinelingeries.com\/loja-virtual\/wp-content\/uploads\/2024\/08\/logoFelineRedimensionada2.png?fit=300%2C127&ssl=1\",\"contentUrl\":\"https:\/\/i0.wp.com\/felinelingeries.com\/loja-virtual\/wp-content\/uploads\/2024\/08\/logoFelineRedimensionada2.png?fit=300%2C127&ssl=1\",\"width\":300,\"height\":127,\"caption\":\"Feline\"},\"image\":{\"@id\":\"https:\/\/felinelingeries.com\/loja-virtual\/#\/schema\/logo\/image\/\"},\"sameAs\":[\"https:\/\/www.facebook.com\/amofeline\",\"https:\/\/www.instagram.com\/naira_feline\/\"]}]}<\/script>\n<!-- \/ Yoast SEO plugin. -->","yoast_head_json":{"title":"Biquini Maggie Barbie - Feline","robots":{"index":"index","follow":"follow","max-snippet":"max-snippet:-1","max-image-preview":"max-image-preview:large","max-video-preview":"max-video-preview:-1"},"canonical":"https:\/\/felinelingeries.com\/loja-virtual\/produto\/biquini-maggie-barbie\/","og_locale":"pt_BR","og_type":"article","og_title":"Biquini Maggie Barbie - Feline","og_description":"Biquini cole\u00e7\u00e3o Maggie, tecido diferenciado com toque macio. Busto meia ta\u00e7a com bojo, aro, al\u00e7as largas e amarra\u00e7\u00e3o nas costas. Muito confort\u00e1vel. Calcinha hot pant, com detalhe de recorte no tecido e etiqueta exclusiva. Calcinha tanga. Escolha seu tamanho: P &#8211; veste manequim 34\/36. Busto 40 M &#8211; veste manequim 38\/40. Busto 42 G &#8211; [...]","og_url":"https:\/\/felinelingeries.com\/loja-virtual\/produto\/biquini-maggie-barbie\/","og_site_name":"Feline","article_publisher":"https:\/\/www.facebook.com\/amofeline","article_modified_time":"2024-08-15T00:06:27+00:00","og_image":[{"width":1080,"height":1620,"url":"https:\/\/i0.wp.com\/felinelingeries.com\/loja-virtual\/wp-content\/uploads\/2022\/12\/img_8287.jpeg?fit=1080%2C1620&ssl=1","type":"image\/jpeg"}],"twitter_card":"summary_large_image","schema":{"@context":"https:\/\/schema.org","@graph":[{"@type":"WebPage","@id":"https:\/\/felinelingeries.com\/loja-virtual\/produto\/biquini-maggie-barbie\/","url":"https:\/\/felinelingeries.com\/loja-virtual\/produto\/biquini-maggie-barbie\/","name":"Biquini Maggie Barbie - Feline","isPartOf":{"@id":"https:\/\/felinelingeries.com\/loja-virtual\/#website"},"primaryImageOfPage":{"@id":"https:\/\/felinelingeries.com\/loja-virtual\/produto\/biquini-maggie-barbie\/#primaryimage"},"image":{"@id":"https:\/\/felinelingeries.com\/loja-virtual\/produto\/biquini-maggie-barbie\/#primaryimage"},"thumbnailUrl":"https:\/\/i0.wp.com\/felinelingeries.com\/loja-virtual\/wp-content\/uploads\/2022\/12\/img_8287.jpeg?fit=1080%2C1620&ssl=1","datePublished":"2022-12-14T11:34:39+00:00","dateModified":"2024-08-15T00:06:27+00:00","breadcrumb":{"@id":"https:\/\/felinelingeries.com\/loja-virtual\/produto\/biquini-maggie-barbie\/#breadcrumb"},"inLanguage":"pt-BR","potentialAction":[{"@type":"ReadAction","target":["https:\/\/felinelingeries.com\/loja-virtual\/produto\/biquini-maggie-barbie\/"]}]},{"@type":"ImageObject","inLanguage":"pt-BR","@id":"https:\/\/felinelingeries.com\/loja-virtual\/produto\/biquini-maggie-barbie\/#primaryimage","url":"https:\/\/i0.wp.com\/felinelingeries.com\/loja-virtual\/wp-content\/uploads\/2022\/12\/img_8287.jpeg?fit=1080%2C1620&ssl=1","contentUrl":"https:\/\/i0.wp.com\/felinelingeries.com\/loja-virtual\/wp-content\/uploads\/2022\/12\/img_8287.jpeg?fit=1080%2C1620&ssl=1","width":1080,"height":1620},{"@type":"BreadcrumbList","@id":"https:\/\/felinelingeries.com\/loja-virtual\/produto\/biquini-maggie-barbie\/#breadcrumb","itemListElement":[{"@type":"ListItem","position":1,"name":"In\u00edcio","item":"https:\/\/felinelingeries.com\/loja-virtual\/"},{"@type":"ListItem","position":2,"name":"Shop","item":"https:\/\/felinelingeries.com\/loja-virtual\/shop\/"},{"@type":"ListItem","position":3,"name":"Biquini Maggie Barbie"}]},{"@type":"WebSite","@id":"https:\/\/felinelingeries.com\/loja-virtual\/#website","url":"https:\/\/felinelingeries.com\/loja-virtual\/","name":"Feline","description":"Loja online especializada em pijamas, biqu\u00ednis e underwear de alta qualidade","publisher":{"@id":"https:\/\/felinelingeries.com\/loja-virtual\/#organization"},"potentialAction":[{"@type":"SearchAction","target":{"@type":"EntryPoint","urlTemplate":"https:\/\/felinelingeries.com\/loja-virtual\/?s={search_term_string}"},"query-input":{"@type":"PropertyValueSpecification","valueRequired":true,"valueName":"search_term_string"}}],"inLanguage":"pt-BR"},{"@type":"Organization","@id":"https:\/\/felinelingeries.com\/loja-virtual\/#organization","name":"Feline","url":"https:\/\/felinelingeries.com\/loja-virtual\/","logo":{"@type":"ImageObject","inLanguage":"pt-BR","@id":"https:\/\/felinelingeries.com\/loja-virtual\/#\/schema\/logo\/image\/","url":"https:\/\/i0.wp.com\/felinelingeries.com\/loja-virtual\/wp-content\/uploads\/2024\/08\/logoFelineRedimensionada2.png?fit=300%2C127&ssl=1","contentUrl":"https:\/\/i0.wp.com\/felinelingeries.com\/loja-virtual\/wp-content\/uploads\/2024\/08\/logoFelineRedimensionada2.png?fit=300%2C127&ssl=1","width":300,"height":127,"caption":"Feline"},"image":{"@id":"https:\/\/felinelingeries.com\/loja-virtual\/#\/schema\/logo\/image\/"},"sameAs":["https:\/\/www.facebook.com\/amofeline","https:\/\/www.instagram.com\/naira_feline\/"]}]}},"jetpack_sharing_enabled":true,"_links":{"self":[{"href":"https:\/\/felinelingeries.com\/loja-virtual\/wp-json\/wp\/v2\/product\/2549","targetHints":{"allow":["GET"]}}],"collection":[{"href":"https:\/\/felinelingeries.com\/loja-virtual\/wp-json\/wp\/v2\/product"}],"about":[{"href":"https:\/\/felinelingeries.com\/loja-virtual\/wp-json\/wp\/v2\/types\/product"}],"wp:featuredmedia":[{"embeddable":true,"href":"https:\/\/felinelingeries.com\/loja-virtual\/wp-json\/wp\/v2\/media\/2547"}],"wp:attachment":[{"href":"https:\/\/felinelingeries.com\/loja-virtual\/wp-json\/wp\/v2\/media?parent=2549"}],"wp:term":[{"taxonomy":"product_brand","embeddable":true,"href":"https:\/\/felinelingeries.com\/loja-virtual\/wp-json\/wp\/v2\/product_brand?post=2549"},{"taxonomy":"product_cat","embeddable":true,"href":"https:\/\/felinelingeries.com\/loja-virtual\/wp-json\/wp\/v2\/product_cat?post=2549"},{"taxonomy":"product_tag","embeddable":true,"href":"https:\/\/felinelingeries.com\/loja-virtual\/wp-json\/wp\/v2\/product_tag?post=2549"}],"curies":[{"name":"wp","href":"https:\/\/api.w.org\/{rel}","templated":true}]}}