{"id":2597,"date":"2022-12-29T23:12:47","date_gmt":"2022-12-30T02:12:47","guid":{"rendered":"https:\/\/felinelingeries.com\/loja-virtual\/?post_type=product&#038;p=2597"},"modified":"2025-09-06T22:28:08","modified_gmt":"2025-09-07T01:28:08","slug":"biquini-all-black","status":"publish","type":"product","link":"https:\/\/felinelingeries.com\/loja-virtual\/produto\/biquini-all-black\/","title":{"rendered":"Biquini All Black"},"content":{"rendered":"<p>Biquini exclusivo, com tecido acetinado de leve brilho.<\/p>\n<p>Busto com bojo, detalhe drapeado no tecido, al\u00e7as ajust\u00e1veis em acr\u00edlico exclusivo e confort\u00e1vel. Costas ajust\u00e1vel nas al\u00e7as e de amarrar.<\/p>\n<p>Calcinha com desenho exclusivo, argola.<\/p>\n<p>( modelo tanga)<\/p>\n<p>*** Sa\u00edda e acess\u00f3rios n\u00e3o acompanham o biquini**<\/p>\n<p>Escolha seu tamanho:<\/p>\n<p>P veste manequim 34\/36 &#8211; Busto 40<\/p>\n<p>M veste manequim 38\/40 &#8211; Busto 42<\/p>\n<p>G veste manequim 42\/44 &#8211; Busto 44<\/p>\n<p>GG veste manequim 46 &#8211; Busto 46<\/p>\n","protected":false},"excerpt":{"rendered":"<p>Biquini exclusivo, com tecido acetinado de leve brilho. Busto com bojo, detalhe drapeado no tecido, al\u00e7as ajust\u00e1veis em acr\u00edlico exclusivo e confort\u00e1vel. Costas ajust\u00e1vel nas al\u00e7as e de amarrar. Calcinha com desenho exclusivo, argola. ( modelo tanga) *** Sa\u00edda e acess\u00f3rios n\u00e3o acompanham o biquini** Escolha seu tamanho: P veste manequim 34\/36 &#8211; Busto 40 [&#8230;]\n","protected":false},"featured_media":2595,"template":"","meta":[],"product_brand":[],"product_cat":[163,23,220],"product_tag":[83,237,184,225,196,153],"class_list":{"0":"post-2597","1":"product","2":"type-product","3":"status-publish","4":"has-post-thumbnail","6":"product_cat-outlet","7":"product_cat-biquinis","8":"product_cat-conjunto","9":"product_tag-biquini","10":"product_tag-black","11":"product_tag-conjunto","12":"product_tag-lua-lua","13":"product_tag-praia","14":"product_tag-preto","15":"pa_tamanho-m","17":"first","18":"instock","19":"sale","20":"sold-individually","21":"shipping-taxable","22":"purchasable","23":"product-type-variable"},"yoast_head":"<!-- This site is optimized with the Yoast SEO plugin v27.2 - https:\/\/yoast.com\/product\/yoast-seo-wordpress\/ -->\n<title>Biquini All Black - Feline<\/title>\n<meta name=\"robots\" content=\"index, follow, max-snippet:-1, max-image-preview:large, max-video-preview:-1\" \/>\n<link rel=\"canonical\" href=\"https:\/\/felinelingeries.com\/loja-virtual\/produto\/biquini-all-black\/\" \/>\n<meta property=\"og:locale\" content=\"pt_BR\" \/>\n<meta property=\"og:type\" content=\"article\" \/>\n<meta property=\"og:title\" content=\"Biquini All Black - Feline\" \/>\n<meta property=\"og:description\" content=\"Biquini exclusivo, com tecido acetinado de leve brilho. Busto com bojo, detalhe drapeado no tecido, al\u00e7as ajust\u00e1veis em acr\u00edlico exclusivo e confort\u00e1vel. Costas ajust\u00e1vel nas al\u00e7as e de amarrar. Calcinha com desenho exclusivo, argola. ( modelo tanga) *** Sa\u00edda e acess\u00f3rios n\u00e3o acompanham o biquini** Escolha seu tamanho: P veste manequim 34\/36 &#8211; Busto 40 [...]\" \/>\n<meta property=\"og:url\" content=\"https:\/\/felinelingeries.com\/loja-virtual\/produto\/biquini-all-black\/\" \/>\n<meta property=\"og:site_name\" content=\"Feline\" \/>\n<meta property=\"article:publisher\" content=\"https:\/\/www.facebook.com\/amofeline\" \/>\n<meta property=\"article:modified_time\" content=\"2025-09-07T01:28:08+00:00\" \/>\n<meta property=\"og:image\" content=\"https:\/\/i0.wp.com\/felinelingeries.com\/loja-virtual\/wp-content\/uploads\/2022\/12\/photo-output-10.jpeg?fit=1152%2C1504&ssl=1\" \/>\n\t<meta property=\"og:image:width\" content=\"1152\" \/>\n\t<meta property=\"og:image:height\" content=\"1504\" \/>\n\t<meta property=\"og:image:type\" content=\"image\/jpeg\" \/>\n<meta name=\"twitter:card\" content=\"summary_large_image\" \/>\n<script type=\"application\/ld+json\" class=\"yoast-schema-graph\">{\"@context\":\"https:\/\/schema.org\",\"@graph\":[{\"@type\":\"WebPage\",\"@id\":\"https:\/\/felinelingeries.com\/loja-virtual\/produto\/biquini-all-black\/\",\"url\":\"https:\/\/felinelingeries.com\/loja-virtual\/produto\/biquini-all-black\/\",\"name\":\"Biquini All Black - Feline\",\"isPartOf\":{\"@id\":\"https:\/\/felinelingeries.com\/loja-virtual\/#website\"},\"primaryImageOfPage\":{\"@id\":\"https:\/\/felinelingeries.com\/loja-virtual\/produto\/biquini-all-black\/#primaryimage\"},\"image\":{\"@id\":\"https:\/\/felinelingeries.com\/loja-virtual\/produto\/biquini-all-black\/#primaryimage\"},\"thumbnailUrl\":\"https:\/\/i0.wp.com\/felinelingeries.com\/loja-virtual\/wp-content\/uploads\/2022\/12\/photo-output-10.jpeg?fit=1152%2C1504&ssl=1\",\"datePublished\":\"2022-12-30T02:12:47+00:00\",\"dateModified\":\"2025-09-07T01:28:08+00:00\",\"breadcrumb\":{\"@id\":\"https:\/\/felinelingeries.com\/loja-virtual\/produto\/biquini-all-black\/#breadcrumb\"},\"inLanguage\":\"pt-BR\",\"potentialAction\":[{\"@type\":\"ReadAction\",\"target\":[\"https:\/\/felinelingeries.com\/loja-virtual\/produto\/biquini-all-black\/\"]}]},{\"@type\":\"ImageObject\",\"inLanguage\":\"pt-BR\",\"@id\":\"https:\/\/felinelingeries.com\/loja-virtual\/produto\/biquini-all-black\/#primaryimage\",\"url\":\"https:\/\/i0.wp.com\/felinelingeries.com\/loja-virtual\/wp-content\/uploads\/2022\/12\/photo-output-10.jpeg?fit=1152%2C1504&ssl=1\",\"contentUrl\":\"https:\/\/i0.wp.com\/felinelingeries.com\/loja-virtual\/wp-content\/uploads\/2022\/12\/photo-output-10.jpeg?fit=1152%2C1504&ssl=1\",\"width\":1152,\"height\":1504},{\"@type\":\"BreadcrumbList\",\"@id\":\"https:\/\/felinelingeries.com\/loja-virtual\/produto\/biquini-all-black\/#breadcrumb\",\"itemListElement\":[{\"@type\":\"ListItem\",\"position\":1,\"name\":\"In\u00edcio\",\"item\":\"https:\/\/felinelingeries.com\/loja-virtual\/\"},{\"@type\":\"ListItem\",\"position\":2,\"name\":\"Shop\",\"item\":\"https:\/\/felinelingeries.com\/loja-virtual\/shop\/\"},{\"@type\":\"ListItem\",\"position\":3,\"name\":\"Biquini All Black\"}]},{\"@type\":\"WebSite\",\"@id\":\"https:\/\/felinelingeries.com\/loja-virtual\/#website\",\"url\":\"https:\/\/felinelingeries.com\/loja-virtual\/\",\"name\":\"Feline\",\"description\":\"Loja online especializada em pijamas, biqu\u00ednis e underwear de alta qualidade\",\"publisher\":{\"@id\":\"https:\/\/felinelingeries.com\/loja-virtual\/#organization\"},\"potentialAction\":[{\"@type\":\"SearchAction\",\"target\":{\"@type\":\"EntryPoint\",\"urlTemplate\":\"https:\/\/felinelingeries.com\/loja-virtual\/?s={search_term_string}\"},\"query-input\":{\"@type\":\"PropertyValueSpecification\",\"valueRequired\":true,\"valueName\":\"search_term_string\"}}],\"inLanguage\":\"pt-BR\"},{\"@type\":\"Organization\",\"@id\":\"https:\/\/felinelingeries.com\/loja-virtual\/#organization\",\"name\":\"Feline\",\"url\":\"https:\/\/felinelingeries.com\/loja-virtual\/\",\"logo\":{\"@type\":\"ImageObject\",\"inLanguage\":\"pt-BR\",\"@id\":\"https:\/\/felinelingeries.com\/loja-virtual\/#\/schema\/logo\/image\/\",\"url\":\"https:\/\/i0.wp.com\/felinelingeries.com\/loja-virtual\/wp-content\/uploads\/2024\/08\/logoFelineRedimensionada2.png?fit=300%2C127&ssl=1\",\"contentUrl\":\"https:\/\/i0.wp.com\/felinelingeries.com\/loja-virtual\/wp-content\/uploads\/2024\/08\/logoFelineRedimensionada2.png?fit=300%2C127&ssl=1\",\"width\":300,\"height\":127,\"caption\":\"Feline\"},\"image\":{\"@id\":\"https:\/\/felinelingeries.com\/loja-virtual\/#\/schema\/logo\/image\/\"},\"sameAs\":[\"https:\/\/www.facebook.com\/amofeline\",\"https:\/\/www.instagram.com\/naira_feline\/\"]}]}<\/script>\n<!-- \/ Yoast SEO plugin. -->","yoast_head_json":{"title":"Biquini All Black - Feline","robots":{"index":"index","follow":"follow","max-snippet":"max-snippet:-1","max-image-preview":"max-image-preview:large","max-video-preview":"max-video-preview:-1"},"canonical":"https:\/\/felinelingeries.com\/loja-virtual\/produto\/biquini-all-black\/","og_locale":"pt_BR","og_type":"article","og_title":"Biquini All Black - Feline","og_description":"Biquini exclusivo, com tecido acetinado de leve brilho. Busto com bojo, detalhe drapeado no tecido, al\u00e7as ajust\u00e1veis em acr\u00edlico exclusivo e confort\u00e1vel. Costas ajust\u00e1vel nas al\u00e7as e de amarrar. Calcinha com desenho exclusivo, argola. ( modelo tanga) *** Sa\u00edda e acess\u00f3rios n\u00e3o acompanham o biquini** Escolha seu tamanho: P veste manequim 34\/36 &#8211; Busto 40 [...]","og_url":"https:\/\/felinelingeries.com\/loja-virtual\/produto\/biquini-all-black\/","og_site_name":"Feline","article_publisher":"https:\/\/www.facebook.com\/amofeline","article_modified_time":"2025-09-07T01:28:08+00:00","og_image":[{"width":1152,"height":1504,"url":"https:\/\/i0.wp.com\/felinelingeries.com\/loja-virtual\/wp-content\/uploads\/2022\/12\/photo-output-10.jpeg?fit=1152%2C1504&ssl=1","type":"image\/jpeg"}],"twitter_card":"summary_large_image","schema":{"@context":"https:\/\/schema.org","@graph":[{"@type":"WebPage","@id":"https:\/\/felinelingeries.com\/loja-virtual\/produto\/biquini-all-black\/","url":"https:\/\/felinelingeries.com\/loja-virtual\/produto\/biquini-all-black\/","name":"Biquini All Black - Feline","isPartOf":{"@id":"https:\/\/felinelingeries.com\/loja-virtual\/#website"},"primaryImageOfPage":{"@id":"https:\/\/felinelingeries.com\/loja-virtual\/produto\/biquini-all-black\/#primaryimage"},"image":{"@id":"https:\/\/felinelingeries.com\/loja-virtual\/produto\/biquini-all-black\/#primaryimage"},"thumbnailUrl":"https:\/\/i0.wp.com\/felinelingeries.com\/loja-virtual\/wp-content\/uploads\/2022\/12\/photo-output-10.jpeg?fit=1152%2C1504&ssl=1","datePublished":"2022-12-30T02:12:47+00:00","dateModified":"2025-09-07T01:28:08+00:00","breadcrumb":{"@id":"https:\/\/felinelingeries.com\/loja-virtual\/produto\/biquini-all-black\/#breadcrumb"},"inLanguage":"pt-BR","potentialAction":[{"@type":"ReadAction","target":["https:\/\/felinelingeries.com\/loja-virtual\/produto\/biquini-all-black\/"]}]},{"@type":"ImageObject","inLanguage":"pt-BR","@id":"https:\/\/felinelingeries.com\/loja-virtual\/produto\/biquini-all-black\/#primaryimage","url":"https:\/\/i0.wp.com\/felinelingeries.com\/loja-virtual\/wp-content\/uploads\/2022\/12\/photo-output-10.jpeg?fit=1152%2C1504&ssl=1","contentUrl":"https:\/\/i0.wp.com\/felinelingeries.com\/loja-virtual\/wp-content\/uploads\/2022\/12\/photo-output-10.jpeg?fit=1152%2C1504&ssl=1","width":1152,"height":1504},{"@type":"BreadcrumbList","@id":"https:\/\/felinelingeries.com\/loja-virtual\/produto\/biquini-all-black\/#breadcrumb","itemListElement":[{"@type":"ListItem","position":1,"name":"In\u00edcio","item":"https:\/\/felinelingeries.com\/loja-virtual\/"},{"@type":"ListItem","position":2,"name":"Shop","item":"https:\/\/felinelingeries.com\/loja-virtual\/shop\/"},{"@type":"ListItem","position":3,"name":"Biquini All Black"}]},{"@type":"WebSite","@id":"https:\/\/felinelingeries.com\/loja-virtual\/#website","url":"https:\/\/felinelingeries.com\/loja-virtual\/","name":"Feline","description":"Loja online especializada em pijamas, biqu\u00ednis e underwear de alta qualidade","publisher":{"@id":"https:\/\/felinelingeries.com\/loja-virtual\/#organization"},"potentialAction":[{"@type":"SearchAction","target":{"@type":"EntryPoint","urlTemplate":"https:\/\/felinelingeries.com\/loja-virtual\/?s={search_term_string}"},"query-input":{"@type":"PropertyValueSpecification","valueRequired":true,"valueName":"search_term_string"}}],"inLanguage":"pt-BR"},{"@type":"Organization","@id":"https:\/\/felinelingeries.com\/loja-virtual\/#organization","name":"Feline","url":"https:\/\/felinelingeries.com\/loja-virtual\/","logo":{"@type":"ImageObject","inLanguage":"pt-BR","@id":"https:\/\/felinelingeries.com\/loja-virtual\/#\/schema\/logo\/image\/","url":"https:\/\/i0.wp.com\/felinelingeries.com\/loja-virtual\/wp-content\/uploads\/2024\/08\/logoFelineRedimensionada2.png?fit=300%2C127&ssl=1","contentUrl":"https:\/\/i0.wp.com\/felinelingeries.com\/loja-virtual\/wp-content\/uploads\/2024\/08\/logoFelineRedimensionada2.png?fit=300%2C127&ssl=1","width":300,"height":127,"caption":"Feline"},"image":{"@id":"https:\/\/felinelingeries.com\/loja-virtual\/#\/schema\/logo\/image\/"},"sameAs":["https:\/\/www.facebook.com\/amofeline","https:\/\/www.instagram.com\/naira_feline\/"]}]}},"jetpack_sharing_enabled":true,"_links":{"self":[{"href":"https:\/\/felinelingeries.com\/loja-virtual\/wp-json\/wp\/v2\/product\/2597","targetHints":{"allow":["GET"]}}],"collection":[{"href":"https:\/\/felinelingeries.com\/loja-virtual\/wp-json\/wp\/v2\/product"}],"about":[{"href":"https:\/\/felinelingeries.com\/loja-virtual\/wp-json\/wp\/v2\/types\/product"}],"wp:featuredmedia":[{"embeddable":true,"href":"https:\/\/felinelingeries.com\/loja-virtual\/wp-json\/wp\/v2\/media\/2595"}],"wp:attachment":[{"href":"https:\/\/felinelingeries.com\/loja-virtual\/wp-json\/wp\/v2\/media?parent=2597"}],"wp:term":[{"taxonomy":"product_brand","embeddable":true,"href":"https:\/\/felinelingeries.com\/loja-virtual\/wp-json\/wp\/v2\/product_brand?post=2597"},{"taxonomy":"product_cat","embeddable":true,"href":"https:\/\/felinelingeries.com\/loja-virtual\/wp-json\/wp\/v2\/product_cat?post=2597"},{"taxonomy":"product_tag","embeddable":true,"href":"https:\/\/felinelingeries.com\/loja-virtual\/wp-json\/wp\/v2\/product_tag?post=2597"}],"curies":[{"name":"wp","href":"https:\/\/api.w.org\/{rel}","templated":true}]}}