{"id":5123,"date":"2025-01-02T16:50:53","date_gmt":"2025-01-02T19:50:53","guid":{"rendered":"https:\/\/felinelingeries.com\/loja-virtual\/?post_type=product&#038;p=5123"},"modified":"2025-01-02T16:53:18","modified_gmt":"2025-01-02T19:53:18","slug":"pareo-saia-dc","status":"publish","type":"product","link":"https:\/\/felinelingeries.com\/loja-virtual\/produto\/pareo-saia-dc\/","title":{"rendered":"Pare\u00f4 Saia DC"},"content":{"rendered":"<p>Pare\u00f4 com estampa exclusiva, pra voc\u00ea completar o look com seu novo biqu\u00edni, de amarrar na lateral, tamanho \u00fanico<\/p>\n<p>Tecido sem transpar\u00eancia.<\/p>\n","protected":false},"excerpt":{"rendered":"<p>Pare\u00f4 com estampa exclusiva, pra voc\u00ea completar o look com seu novo biqu\u00edni, de amarrar na lateral, tamanho \u00fanico Tecido sem transpar\u00eancia.<\/p>\n","protected":false},"featured_media":5122,"template":"","meta":[],"product_brand":[],"product_cat":[23,250,214],"product_tag":[83,465,251,253,216],"class_list":{"0":"post-5123","1":"product","2":"type-product","3":"status-publish","4":"has-post-thumbnail","6":"product_cat-biquinis","7":"product_cat-pareo-biquinis","8":"product_cat-saidas","9":"product_tag-biquini","10":"product_tag-dechelles","11":"product_tag-pareo","12":"product_tag-saia","13":"product_tag-saida","14":"pa_tamanho-tamanho-unico","16":"first","17":"instock","18":"shipping-taxable","19":"purchasable","20":"product-type-variable"},"yoast_head":"<!-- This site is optimized with the Yoast SEO plugin v27.2 - https:\/\/yoast.com\/product\/yoast-seo-wordpress\/ -->\n<title>Pare\u00f4 Saia DC - Feline<\/title>\n<meta name=\"robots\" content=\"index, follow, max-snippet:-1, max-image-preview:large, max-video-preview:-1\" \/>\n<link rel=\"canonical\" href=\"https:\/\/felinelingeries.com\/loja-virtual\/produto\/pareo-saia-dc\/\" \/>\n<meta property=\"og:locale\" content=\"pt_BR\" \/>\n<meta property=\"og:type\" content=\"article\" \/>\n<meta property=\"og:title\" content=\"Pare\u00f4 Saia DC - Feline\" \/>\n<meta property=\"og:description\" content=\"Pare\u00f4 com estampa exclusiva, pra voc\u00ea completar o look com seu novo biqu\u00edni, de amarrar na lateral, tamanho \u00fanico Tecido sem transpar\u00eancia.\" \/>\n<meta property=\"og:url\" content=\"https:\/\/felinelingeries.com\/loja-virtual\/produto\/pareo-saia-dc\/\" \/>\n<meta property=\"og:site_name\" content=\"Feline\" \/>\n<meta property=\"article:publisher\" content=\"https:\/\/www.facebook.com\/amofeline\" \/>\n<meta property=\"article:modified_time\" content=\"2025-01-02T19:53:18+00:00\" \/>\n<meta property=\"og:image\" content=\"https:\/\/i0.wp.com\/felinelingeries.com\/loja-virtual\/wp-content\/uploads\/2025\/01\/img_2714-scaled.jpeg?fit=1614%2C2560&ssl=1\" \/>\n\t<meta property=\"og:image:width\" content=\"1614\" \/>\n\t<meta property=\"og:image:height\" content=\"2560\" \/>\n\t<meta property=\"og:image:type\" content=\"image\/jpeg\" \/>\n<meta name=\"twitter:card\" content=\"summary_large_image\" \/>\n<script type=\"application\/ld+json\" class=\"yoast-schema-graph\">{\"@context\":\"https:\/\/schema.org\",\"@graph\":[{\"@type\":\"WebPage\",\"@id\":\"https:\/\/felinelingeries.com\/loja-virtual\/produto\/pareo-saia-dc\/\",\"url\":\"https:\/\/felinelingeries.com\/loja-virtual\/produto\/pareo-saia-dc\/\",\"name\":\"Pare\u00f4 Saia DC - Feline\",\"isPartOf\":{\"@id\":\"https:\/\/felinelingeries.com\/loja-virtual\/#website\"},\"primaryImageOfPage\":{\"@id\":\"https:\/\/felinelingeries.com\/loja-virtual\/produto\/pareo-saia-dc\/#primaryimage\"},\"image\":{\"@id\":\"https:\/\/felinelingeries.com\/loja-virtual\/produto\/pareo-saia-dc\/#primaryimage\"},\"thumbnailUrl\":\"https:\/\/i0.wp.com\/felinelingeries.com\/loja-virtual\/wp-content\/uploads\/2025\/01\/img_2714-scaled.jpeg?fit=1614%2C2560&ssl=1\",\"datePublished\":\"2025-01-02T19:50:53+00:00\",\"dateModified\":\"2025-01-02T19:53:18+00:00\",\"breadcrumb\":{\"@id\":\"https:\/\/felinelingeries.com\/loja-virtual\/produto\/pareo-saia-dc\/#breadcrumb\"},\"inLanguage\":\"pt-BR\",\"potentialAction\":[{\"@type\":\"ReadAction\",\"target\":[\"https:\/\/felinelingeries.com\/loja-virtual\/produto\/pareo-saia-dc\/\"]}]},{\"@type\":\"ImageObject\",\"inLanguage\":\"pt-BR\",\"@id\":\"https:\/\/felinelingeries.com\/loja-virtual\/produto\/pareo-saia-dc\/#primaryimage\",\"url\":\"https:\/\/i0.wp.com\/felinelingeries.com\/loja-virtual\/wp-content\/uploads\/2025\/01\/img_2714-scaled.jpeg?fit=1614%2C2560&ssl=1\",\"contentUrl\":\"https:\/\/i0.wp.com\/felinelingeries.com\/loja-virtual\/wp-content\/uploads\/2025\/01\/img_2714-scaled.jpeg?fit=1614%2C2560&ssl=1\",\"width\":1614,\"height\":2560},{\"@type\":\"BreadcrumbList\",\"@id\":\"https:\/\/felinelingeries.com\/loja-virtual\/produto\/pareo-saia-dc\/#breadcrumb\",\"itemListElement\":[{\"@type\":\"ListItem\",\"position\":1,\"name\":\"In\u00edcio\",\"item\":\"https:\/\/felinelingeries.com\/loja-virtual\/\"},{\"@type\":\"ListItem\",\"position\":2,\"name\":\"Shop\",\"item\":\"https:\/\/felinelingeries.com\/loja-virtual\/shop\/\"},{\"@type\":\"ListItem\",\"position\":3,\"name\":\"Pare\u00f4 Saia DC\"}]},{\"@type\":\"WebSite\",\"@id\":\"https:\/\/felinelingeries.com\/loja-virtual\/#website\",\"url\":\"https:\/\/felinelingeries.com\/loja-virtual\/\",\"name\":\"Feline\",\"description\":\"Loja online especializada em pijamas, biqu\u00ednis e underwear de alta qualidade\",\"publisher\":{\"@id\":\"https:\/\/felinelingeries.com\/loja-virtual\/#organization\"},\"potentialAction\":[{\"@type\":\"SearchAction\",\"target\":{\"@type\":\"EntryPoint\",\"urlTemplate\":\"https:\/\/felinelingeries.com\/loja-virtual\/?s={search_term_string}\"},\"query-input\":{\"@type\":\"PropertyValueSpecification\",\"valueRequired\":true,\"valueName\":\"search_term_string\"}}],\"inLanguage\":\"pt-BR\"},{\"@type\":\"Organization\",\"@id\":\"https:\/\/felinelingeries.com\/loja-virtual\/#organization\",\"name\":\"Feline\",\"url\":\"https:\/\/felinelingeries.com\/loja-virtual\/\",\"logo\":{\"@type\":\"ImageObject\",\"inLanguage\":\"pt-BR\",\"@id\":\"https:\/\/felinelingeries.com\/loja-virtual\/#\/schema\/logo\/image\/\",\"url\":\"https:\/\/i0.wp.com\/felinelingeries.com\/loja-virtual\/wp-content\/uploads\/2024\/08\/logoFelineRedimensionada2.png?fit=300%2C127&ssl=1\",\"contentUrl\":\"https:\/\/i0.wp.com\/felinelingeries.com\/loja-virtual\/wp-content\/uploads\/2024\/08\/logoFelineRedimensionada2.png?fit=300%2C127&ssl=1\",\"width\":300,\"height\":127,\"caption\":\"Feline\"},\"image\":{\"@id\":\"https:\/\/felinelingeries.com\/loja-virtual\/#\/schema\/logo\/image\/\"},\"sameAs\":[\"https:\/\/www.facebook.com\/amofeline\",\"https:\/\/www.instagram.com\/naira_feline\/\"]}]}<\/script>\n<!-- \/ Yoast SEO plugin. -->","yoast_head_json":{"title":"Pare\u00f4 Saia DC - Feline","robots":{"index":"index","follow":"follow","max-snippet":"max-snippet:-1","max-image-preview":"max-image-preview:large","max-video-preview":"max-video-preview:-1"},"canonical":"https:\/\/felinelingeries.com\/loja-virtual\/produto\/pareo-saia-dc\/","og_locale":"pt_BR","og_type":"article","og_title":"Pare\u00f4 Saia DC - Feline","og_description":"Pare\u00f4 com estampa exclusiva, pra voc\u00ea completar o look com seu novo biqu\u00edni, de amarrar na lateral, tamanho \u00fanico Tecido sem transpar\u00eancia.","og_url":"https:\/\/felinelingeries.com\/loja-virtual\/produto\/pareo-saia-dc\/","og_site_name":"Feline","article_publisher":"https:\/\/www.facebook.com\/amofeline","article_modified_time":"2025-01-02T19:53:18+00:00","og_image":[{"width":1614,"height":2560,"url":"https:\/\/i0.wp.com\/felinelingeries.com\/loja-virtual\/wp-content\/uploads\/2025\/01\/img_2714-scaled.jpeg?fit=1614%2C2560&ssl=1","type":"image\/jpeg"}],"twitter_card":"summary_large_image","schema":{"@context":"https:\/\/schema.org","@graph":[{"@type":"WebPage","@id":"https:\/\/felinelingeries.com\/loja-virtual\/produto\/pareo-saia-dc\/","url":"https:\/\/felinelingeries.com\/loja-virtual\/produto\/pareo-saia-dc\/","name":"Pare\u00f4 Saia DC - Feline","isPartOf":{"@id":"https:\/\/felinelingeries.com\/loja-virtual\/#website"},"primaryImageOfPage":{"@id":"https:\/\/felinelingeries.com\/loja-virtual\/produto\/pareo-saia-dc\/#primaryimage"},"image":{"@id":"https:\/\/felinelingeries.com\/loja-virtual\/produto\/pareo-saia-dc\/#primaryimage"},"thumbnailUrl":"https:\/\/i0.wp.com\/felinelingeries.com\/loja-virtual\/wp-content\/uploads\/2025\/01\/img_2714-scaled.jpeg?fit=1614%2C2560&ssl=1","datePublished":"2025-01-02T19:50:53+00:00","dateModified":"2025-01-02T19:53:18+00:00","breadcrumb":{"@id":"https:\/\/felinelingeries.com\/loja-virtual\/produto\/pareo-saia-dc\/#breadcrumb"},"inLanguage":"pt-BR","potentialAction":[{"@type":"ReadAction","target":["https:\/\/felinelingeries.com\/loja-virtual\/produto\/pareo-saia-dc\/"]}]},{"@type":"ImageObject","inLanguage":"pt-BR","@id":"https:\/\/felinelingeries.com\/loja-virtual\/produto\/pareo-saia-dc\/#primaryimage","url":"https:\/\/i0.wp.com\/felinelingeries.com\/loja-virtual\/wp-content\/uploads\/2025\/01\/img_2714-scaled.jpeg?fit=1614%2C2560&ssl=1","contentUrl":"https:\/\/i0.wp.com\/felinelingeries.com\/loja-virtual\/wp-content\/uploads\/2025\/01\/img_2714-scaled.jpeg?fit=1614%2C2560&ssl=1","width":1614,"height":2560},{"@type":"BreadcrumbList","@id":"https:\/\/felinelingeries.com\/loja-virtual\/produto\/pareo-saia-dc\/#breadcrumb","itemListElement":[{"@type":"ListItem","position":1,"name":"In\u00edcio","item":"https:\/\/felinelingeries.com\/loja-virtual\/"},{"@type":"ListItem","position":2,"name":"Shop","item":"https:\/\/felinelingeries.com\/loja-virtual\/shop\/"},{"@type":"ListItem","position":3,"name":"Pare\u00f4 Saia DC"}]},{"@type":"WebSite","@id":"https:\/\/felinelingeries.com\/loja-virtual\/#website","url":"https:\/\/felinelingeries.com\/loja-virtual\/","name":"Feline","description":"Loja online especializada em pijamas, biqu\u00ednis e underwear de alta qualidade","publisher":{"@id":"https:\/\/felinelingeries.com\/loja-virtual\/#organization"},"potentialAction":[{"@type":"SearchAction","target":{"@type":"EntryPoint","urlTemplate":"https:\/\/felinelingeries.com\/loja-virtual\/?s={search_term_string}"},"query-input":{"@type":"PropertyValueSpecification","valueRequired":true,"valueName":"search_term_string"}}],"inLanguage":"pt-BR"},{"@type":"Organization","@id":"https:\/\/felinelingeries.com\/loja-virtual\/#organization","name":"Feline","url":"https:\/\/felinelingeries.com\/loja-virtual\/","logo":{"@type":"ImageObject","inLanguage":"pt-BR","@id":"https:\/\/felinelingeries.com\/loja-virtual\/#\/schema\/logo\/image\/","url":"https:\/\/i0.wp.com\/felinelingeries.com\/loja-virtual\/wp-content\/uploads\/2024\/08\/logoFelineRedimensionada2.png?fit=300%2C127&ssl=1","contentUrl":"https:\/\/i0.wp.com\/felinelingeries.com\/loja-virtual\/wp-content\/uploads\/2024\/08\/logoFelineRedimensionada2.png?fit=300%2C127&ssl=1","width":300,"height":127,"caption":"Feline"},"image":{"@id":"https:\/\/felinelingeries.com\/loja-virtual\/#\/schema\/logo\/image\/"},"sameAs":["https:\/\/www.facebook.com\/amofeline","https:\/\/www.instagram.com\/naira_feline\/"]}]}},"jetpack_sharing_enabled":true,"_links":{"self":[{"href":"https:\/\/felinelingeries.com\/loja-virtual\/wp-json\/wp\/v2\/product\/5123","targetHints":{"allow":["GET"]}}],"collection":[{"href":"https:\/\/felinelingeries.com\/loja-virtual\/wp-json\/wp\/v2\/product"}],"about":[{"href":"https:\/\/felinelingeries.com\/loja-virtual\/wp-json\/wp\/v2\/types\/product"}],"wp:featuredmedia":[{"embeddable":true,"href":"https:\/\/felinelingeries.com\/loja-virtual\/wp-json\/wp\/v2\/media\/5122"}],"wp:attachment":[{"href":"https:\/\/felinelingeries.com\/loja-virtual\/wp-json\/wp\/v2\/media?parent=5123"}],"wp:term":[{"taxonomy":"product_brand","embeddable":true,"href":"https:\/\/felinelingeries.com\/loja-virtual\/wp-json\/wp\/v2\/product_brand?post=5123"},{"taxonomy":"product_cat","embeddable":true,"href":"https:\/\/felinelingeries.com\/loja-virtual\/wp-json\/wp\/v2\/product_cat?post=5123"},{"taxonomy":"product_tag","embeddable":true,"href":"https:\/\/felinelingeries.com\/loja-virtual\/wp-json\/wp\/v2\/product_tag?post=5123"}],"curies":[{"name":"wp","href":"https:\/\/api.w.org\/{rel}","templated":true}]}}