{"id":5149,"date":"2025-01-11T09:04:08","date_gmt":"2025-01-11T12:04:08","guid":{"rendered":"https:\/\/felinelingeries.com\/loja-virtual\/?post_type=product&#038;p=5149"},"modified":"2025-03-05T07:48:06","modified_gmt":"2025-03-05T10:48:06","slug":"conjunto-de-biquini-minori","status":"publish","type":"product","link":"https:\/\/felinelingeries.com\/loja-virtual\/produto\/conjunto-de-biquini-minori\/","title":{"rendered":"Conjunto de Biqu\u00edni Minori"},"content":{"rendered":"<p>Conjunto de biqu\u00edni, busto meia ta\u00e7a com aro e bojo, al\u00e7as ajust\u00e1veis e de amarrar no pesco\u00e7o ou ombros.<\/p>\n<p>Calcinha de pala mais larga, tecido do biqu\u00edni com leve brilho e detalhes.<\/p>\n<p>Tamanho P<\/p>\n<p>Veste busto 40\/ calcinha 36\/38<\/p>\n","protected":false},"excerpt":{"rendered":"<p>Conjunto de biqu\u00edni, busto meia ta\u00e7a com aro e bojo, al\u00e7as ajust\u00e1veis e de amarrar no pesco\u00e7o ou ombros. Calcinha de pala mais larga, tecido do biqu\u00edni com leve brilho e detalhes. Tamanho P Veste busto 40\/ calcinha 36\/38<\/p>\n","protected":false},"featured_media":5143,"template":"","meta":[],"product_brand":[],"product_cat":[451,23,403,220],"product_tag":[504,218,83,225,196,90],"class_list":{"0":"post-5149","1":"product","2":"type-product","3":"status-publish","4":"has-post-thumbnail","6":"product_cat-lua-lua","7":"product_cat-biquinis","8":"product_cat-meia-taca","9":"product_cat-conjunto","10":"product_tag-azul","11":"product_tag-bikini","12":"product_tag-biquini","13":"product_tag-lua-lua","14":"product_tag-praia","15":"product_tag-verao","16":"pa_tamanho-p","17":"pa_tamanho-g","19":"first","20":"instock","21":"shipping-taxable","22":"purchasable","23":"product-type-variable"},"yoast_head":"<!-- This site is optimized with the Yoast SEO plugin v27.2 - https:\/\/yoast.com\/product\/yoast-seo-wordpress\/ -->\n<title>Conjunto de Biqu\u00edni Minori - Feline<\/title>\n<meta name=\"robots\" content=\"index, follow, max-snippet:-1, max-image-preview:large, max-video-preview:-1\" \/>\n<link rel=\"canonical\" href=\"https:\/\/felinelingeries.com\/loja-virtual\/produto\/conjunto-de-biquini-minori\/\" \/>\n<meta property=\"og:locale\" content=\"pt_BR\" \/>\n<meta property=\"og:type\" content=\"article\" \/>\n<meta property=\"og:title\" content=\"Conjunto de Biqu\u00edni Minori - Feline\" \/>\n<meta property=\"og:description\" content=\"Conjunto de biqu\u00edni, busto meia ta\u00e7a com aro e bojo, al\u00e7as ajust\u00e1veis e de amarrar no pesco\u00e7o ou ombros. Calcinha de pala mais larga, tecido do biqu\u00edni com leve brilho e detalhes. Tamanho P Veste busto 40\/ calcinha 36\/38\" \/>\n<meta property=\"og:url\" content=\"https:\/\/felinelingeries.com\/loja-virtual\/produto\/conjunto-de-biquini-minori\/\" \/>\n<meta property=\"og:site_name\" content=\"Feline\" \/>\n<meta property=\"article:publisher\" content=\"https:\/\/www.facebook.com\/amofeline\" \/>\n<meta property=\"article:modified_time\" content=\"2025-03-05T10:48:06+00:00\" \/>\n<meta property=\"og:image\" content=\"https:\/\/i0.wp.com\/felinelingeries.com\/loja-virtual\/wp-content\/uploads\/2025\/01\/img_4717.jpeg?fit=1002%2C1049&ssl=1\" \/>\n\t<meta property=\"og:image:width\" content=\"1002\" \/>\n\t<meta property=\"og:image:height\" content=\"1049\" \/>\n\t<meta property=\"og:image:type\" content=\"image\/jpeg\" \/>\n<meta name=\"twitter:card\" content=\"summary_large_image\" \/>\n<script type=\"application\/ld+json\" class=\"yoast-schema-graph\">{\"@context\":\"https:\/\/schema.org\",\"@graph\":[{\"@type\":\"WebPage\",\"@id\":\"https:\/\/felinelingeries.com\/loja-virtual\/produto\/conjunto-de-biquini-minori\/\",\"url\":\"https:\/\/felinelingeries.com\/loja-virtual\/produto\/conjunto-de-biquini-minori\/\",\"name\":\"Conjunto de Biqu\u00edni Minori - Feline\",\"isPartOf\":{\"@id\":\"https:\/\/felinelingeries.com\/loja-virtual\/#website\"},\"primaryImageOfPage\":{\"@id\":\"https:\/\/felinelingeries.com\/loja-virtual\/produto\/conjunto-de-biquini-minori\/#primaryimage\"},\"image\":{\"@id\":\"https:\/\/felinelingeries.com\/loja-virtual\/produto\/conjunto-de-biquini-minori\/#primaryimage\"},\"thumbnailUrl\":\"https:\/\/i0.wp.com\/felinelingeries.com\/loja-virtual\/wp-content\/uploads\/2025\/01\/img_4717.jpeg?fit=1002%2C1049&ssl=1\",\"datePublished\":\"2025-01-11T12:04:08+00:00\",\"dateModified\":\"2025-03-05T10:48:06+00:00\",\"breadcrumb\":{\"@id\":\"https:\/\/felinelingeries.com\/loja-virtual\/produto\/conjunto-de-biquini-minori\/#breadcrumb\"},\"inLanguage\":\"pt-BR\",\"potentialAction\":[{\"@type\":\"ReadAction\",\"target\":[\"https:\/\/felinelingeries.com\/loja-virtual\/produto\/conjunto-de-biquini-minori\/\"]}]},{\"@type\":\"ImageObject\",\"inLanguage\":\"pt-BR\",\"@id\":\"https:\/\/felinelingeries.com\/loja-virtual\/produto\/conjunto-de-biquini-minori\/#primaryimage\",\"url\":\"https:\/\/i0.wp.com\/felinelingeries.com\/loja-virtual\/wp-content\/uploads\/2025\/01\/img_4717.jpeg?fit=1002%2C1049&ssl=1\",\"contentUrl\":\"https:\/\/i0.wp.com\/felinelingeries.com\/loja-virtual\/wp-content\/uploads\/2025\/01\/img_4717.jpeg?fit=1002%2C1049&ssl=1\",\"width\":1002,\"height\":1049},{\"@type\":\"BreadcrumbList\",\"@id\":\"https:\/\/felinelingeries.com\/loja-virtual\/produto\/conjunto-de-biquini-minori\/#breadcrumb\",\"itemListElement\":[{\"@type\":\"ListItem\",\"position\":1,\"name\":\"In\u00edcio\",\"item\":\"https:\/\/felinelingeries.com\/loja-virtual\/\"},{\"@type\":\"ListItem\",\"position\":2,\"name\":\"Shop\",\"item\":\"https:\/\/felinelingeries.com\/loja-virtual\/shop\/\"},{\"@type\":\"ListItem\",\"position\":3,\"name\":\"Conjunto de Biqu\u00edni Minori\"}]},{\"@type\":\"WebSite\",\"@id\":\"https:\/\/felinelingeries.com\/loja-virtual\/#website\",\"url\":\"https:\/\/felinelingeries.com\/loja-virtual\/\",\"name\":\"Feline\",\"description\":\"Loja online especializada em pijamas, biqu\u00ednis e underwear de alta qualidade\",\"publisher\":{\"@id\":\"https:\/\/felinelingeries.com\/loja-virtual\/#organization\"},\"potentialAction\":[{\"@type\":\"SearchAction\",\"target\":{\"@type\":\"EntryPoint\",\"urlTemplate\":\"https:\/\/felinelingeries.com\/loja-virtual\/?s={search_term_string}\"},\"query-input\":{\"@type\":\"PropertyValueSpecification\",\"valueRequired\":true,\"valueName\":\"search_term_string\"}}],\"inLanguage\":\"pt-BR\"},{\"@type\":\"Organization\",\"@id\":\"https:\/\/felinelingeries.com\/loja-virtual\/#organization\",\"name\":\"Feline\",\"url\":\"https:\/\/felinelingeries.com\/loja-virtual\/\",\"logo\":{\"@type\":\"ImageObject\",\"inLanguage\":\"pt-BR\",\"@id\":\"https:\/\/felinelingeries.com\/loja-virtual\/#\/schema\/logo\/image\/\",\"url\":\"https:\/\/i0.wp.com\/felinelingeries.com\/loja-virtual\/wp-content\/uploads\/2024\/08\/logoFelineRedimensionada2.png?fit=300%2C127&ssl=1\",\"contentUrl\":\"https:\/\/i0.wp.com\/felinelingeries.com\/loja-virtual\/wp-content\/uploads\/2024\/08\/logoFelineRedimensionada2.png?fit=300%2C127&ssl=1\",\"width\":300,\"height\":127,\"caption\":\"Feline\"},\"image\":{\"@id\":\"https:\/\/felinelingeries.com\/loja-virtual\/#\/schema\/logo\/image\/\"},\"sameAs\":[\"https:\/\/www.facebook.com\/amofeline\",\"https:\/\/www.instagram.com\/naira_feline\/\"]}]}<\/script>\n<!-- \/ Yoast SEO plugin. -->","yoast_head_json":{"title":"Conjunto de Biqu\u00edni Minori - Feline","robots":{"index":"index","follow":"follow","max-snippet":"max-snippet:-1","max-image-preview":"max-image-preview:large","max-video-preview":"max-video-preview:-1"},"canonical":"https:\/\/felinelingeries.com\/loja-virtual\/produto\/conjunto-de-biquini-minori\/","og_locale":"pt_BR","og_type":"article","og_title":"Conjunto de Biqu\u00edni Minori - Feline","og_description":"Conjunto de biqu\u00edni, busto meia ta\u00e7a com aro e bojo, al\u00e7as ajust\u00e1veis e de amarrar no pesco\u00e7o ou ombros. Calcinha de pala mais larga, tecido do biqu\u00edni com leve brilho e detalhes. Tamanho P Veste busto 40\/ calcinha 36\/38","og_url":"https:\/\/felinelingeries.com\/loja-virtual\/produto\/conjunto-de-biquini-minori\/","og_site_name":"Feline","article_publisher":"https:\/\/www.facebook.com\/amofeline","article_modified_time":"2025-03-05T10:48:06+00:00","og_image":[{"width":1002,"height":1049,"url":"https:\/\/i0.wp.com\/felinelingeries.com\/loja-virtual\/wp-content\/uploads\/2025\/01\/img_4717.jpeg?fit=1002%2C1049&ssl=1","type":"image\/jpeg"}],"twitter_card":"summary_large_image","schema":{"@context":"https:\/\/schema.org","@graph":[{"@type":"WebPage","@id":"https:\/\/felinelingeries.com\/loja-virtual\/produto\/conjunto-de-biquini-minori\/","url":"https:\/\/felinelingeries.com\/loja-virtual\/produto\/conjunto-de-biquini-minori\/","name":"Conjunto de Biqu\u00edni Minori - Feline","isPartOf":{"@id":"https:\/\/felinelingeries.com\/loja-virtual\/#website"},"primaryImageOfPage":{"@id":"https:\/\/felinelingeries.com\/loja-virtual\/produto\/conjunto-de-biquini-minori\/#primaryimage"},"image":{"@id":"https:\/\/felinelingeries.com\/loja-virtual\/produto\/conjunto-de-biquini-minori\/#primaryimage"},"thumbnailUrl":"https:\/\/i0.wp.com\/felinelingeries.com\/loja-virtual\/wp-content\/uploads\/2025\/01\/img_4717.jpeg?fit=1002%2C1049&ssl=1","datePublished":"2025-01-11T12:04:08+00:00","dateModified":"2025-03-05T10:48:06+00:00","breadcrumb":{"@id":"https:\/\/felinelingeries.com\/loja-virtual\/produto\/conjunto-de-biquini-minori\/#breadcrumb"},"inLanguage":"pt-BR","potentialAction":[{"@type":"ReadAction","target":["https:\/\/felinelingeries.com\/loja-virtual\/produto\/conjunto-de-biquini-minori\/"]}]},{"@type":"ImageObject","inLanguage":"pt-BR","@id":"https:\/\/felinelingeries.com\/loja-virtual\/produto\/conjunto-de-biquini-minori\/#primaryimage","url":"https:\/\/i0.wp.com\/felinelingeries.com\/loja-virtual\/wp-content\/uploads\/2025\/01\/img_4717.jpeg?fit=1002%2C1049&ssl=1","contentUrl":"https:\/\/i0.wp.com\/felinelingeries.com\/loja-virtual\/wp-content\/uploads\/2025\/01\/img_4717.jpeg?fit=1002%2C1049&ssl=1","width":1002,"height":1049},{"@type":"BreadcrumbList","@id":"https:\/\/felinelingeries.com\/loja-virtual\/produto\/conjunto-de-biquini-minori\/#breadcrumb","itemListElement":[{"@type":"ListItem","position":1,"name":"In\u00edcio","item":"https:\/\/felinelingeries.com\/loja-virtual\/"},{"@type":"ListItem","position":2,"name":"Shop","item":"https:\/\/felinelingeries.com\/loja-virtual\/shop\/"},{"@type":"ListItem","position":3,"name":"Conjunto de Biqu\u00edni Minori"}]},{"@type":"WebSite","@id":"https:\/\/felinelingeries.com\/loja-virtual\/#website","url":"https:\/\/felinelingeries.com\/loja-virtual\/","name":"Feline","description":"Loja online especializada em pijamas, biqu\u00ednis e underwear de alta qualidade","publisher":{"@id":"https:\/\/felinelingeries.com\/loja-virtual\/#organization"},"potentialAction":[{"@type":"SearchAction","target":{"@type":"EntryPoint","urlTemplate":"https:\/\/felinelingeries.com\/loja-virtual\/?s={search_term_string}"},"query-input":{"@type":"PropertyValueSpecification","valueRequired":true,"valueName":"search_term_string"}}],"inLanguage":"pt-BR"},{"@type":"Organization","@id":"https:\/\/felinelingeries.com\/loja-virtual\/#organization","name":"Feline","url":"https:\/\/felinelingeries.com\/loja-virtual\/","logo":{"@type":"ImageObject","inLanguage":"pt-BR","@id":"https:\/\/felinelingeries.com\/loja-virtual\/#\/schema\/logo\/image\/","url":"https:\/\/i0.wp.com\/felinelingeries.com\/loja-virtual\/wp-content\/uploads\/2024\/08\/logoFelineRedimensionada2.png?fit=300%2C127&ssl=1","contentUrl":"https:\/\/i0.wp.com\/felinelingeries.com\/loja-virtual\/wp-content\/uploads\/2024\/08\/logoFelineRedimensionada2.png?fit=300%2C127&ssl=1","width":300,"height":127,"caption":"Feline"},"image":{"@id":"https:\/\/felinelingeries.com\/loja-virtual\/#\/schema\/logo\/image\/"},"sameAs":["https:\/\/www.facebook.com\/amofeline","https:\/\/www.instagram.com\/naira_feline\/"]}]}},"jetpack_sharing_enabled":true,"_links":{"self":[{"href":"https:\/\/felinelingeries.com\/loja-virtual\/wp-json\/wp\/v2\/product\/5149","targetHints":{"allow":["GET"]}}],"collection":[{"href":"https:\/\/felinelingeries.com\/loja-virtual\/wp-json\/wp\/v2\/product"}],"about":[{"href":"https:\/\/felinelingeries.com\/loja-virtual\/wp-json\/wp\/v2\/types\/product"}],"wp:featuredmedia":[{"embeddable":true,"href":"https:\/\/felinelingeries.com\/loja-virtual\/wp-json\/wp\/v2\/media\/5143"}],"wp:attachment":[{"href":"https:\/\/felinelingeries.com\/loja-virtual\/wp-json\/wp\/v2\/media?parent=5149"}],"wp:term":[{"taxonomy":"product_brand","embeddable":true,"href":"https:\/\/felinelingeries.com\/loja-virtual\/wp-json\/wp\/v2\/product_brand?post=5149"},{"taxonomy":"product_cat","embeddable":true,"href":"https:\/\/felinelingeries.com\/loja-virtual\/wp-json\/wp\/v2\/product_cat?post=5149"},{"taxonomy":"product_tag","embeddable":true,"href":"https:\/\/felinelingeries.com\/loja-virtual\/wp-json\/wp\/v2\/product_tag?post=5149"}],"curies":[{"name":"wp","href":"https:\/\/api.w.org\/{rel}","templated":true}]}}