{"id":5893,"date":"2025-11-06T08:21:56","date_gmt":"2025-11-06T11:21:56","guid":{"rendered":"https:\/\/felinelingeries.com\/loja-virtual\/?post_type=product&#038;p=5893"},"modified":"2025-12-08T20:21:51","modified_gmt":"2025-12-08T23:21:51","slug":"body-e-calca-meu-primeiro-natal-%f0%9f%8e%84","status":"publish","type":"product","link":"https:\/\/felinelingeries.com\/loja-virtual\/produto\/body-e-calca-meu-primeiro-natal-%f0%9f%8e%84\/","title":{"rendered":"Body e cal\u00e7a Meu primeiro Natal \ud83c\udf84"},"content":{"rendered":"<p>Pijama cole\u00e7\u00e3o Natal<\/p>\n<p>Conjunto de body + cal\u00e7a, em malha com elastano, estampa exclusiva, e muito conforto. Combine com toda fam\u00edlia.<\/p>\n<p>Acompanha um saquinho personalizado.<\/p>\n<p>*Acess\u00f3rios n\u00e3o acompanham o pijama<\/p>\n<p>Tamanho:<\/p>\n<p>P veste beb\u00eas de 0 a 4 meses<\/p>\n<p>M veste beb\u00eas de 4 a 8 meses<\/p>\n<p>G veste beb\u00eas de 8meses a 1 ano<\/p>\n","protected":false},"excerpt":{"rendered":"<p>Pijama cole\u00e7\u00e3o Natal Conjunto de body + cal\u00e7a, em malha com elastano, estampa exclusiva, e muito conforto. Combine com toda fam\u00edlia. Acompanha um saquinho personalizado. *Acess\u00f3rios n\u00e3o acompanham o pijama Tamanho: P veste beb\u00eas de 0 a 4 meses M veste beb\u00eas de 4 a 8 meses G veste beb\u00eas de 8meses a 1 ano<\/p>\n","protected":false},"featured_media":5892,"template":"","meta":[],"product_brand":[],"product_cat":[564,209,451,284,420,16,458,190,176,276,283],"product_tag":[277,463,194,225,494,66],"class_list":{"0":"post-5893","1":"product","2":"type-product","3":"status-publish","4":"has-post-thumbnail","6":"product_cat-natal-","7":"product_cat-pijamas-familia","8":"product_cat-lua-lua","9":"product_cat-pijama-infantil-2","10":"product_cat-baby","11":"product_cat-pijamas","12":"product_cat-maternidade","13":"product_cat-infantil","14":"product_cat-mae-e-filha","15":"product_cat-pijama-baby","16":"product_cat-pijamas-do-lulu","17":"product_tag-baby","18":"product_tag-bebe","19":"product_tag-body","20":"product_tag-lua-lua","21":"product_tag-natal","22":"product_tag-pijama","23":"pa_tamanho-p","24":"pa_tamanho-m","25":"pa_tamanho-g","27":"first","28":"instock","29":"shipping-taxable","30":"purchasable","31":"product-type-variable"},"yoast_head":"<!-- This site is optimized with the Yoast SEO plugin v27.2 - https:\/\/yoast.com\/product\/yoast-seo-wordpress\/ -->\n<title>Body e cal\u00e7a Meu primeiro Natal \ud83c\udf84 - Feline<\/title>\n<meta name=\"robots\" content=\"index, follow, max-snippet:-1, max-image-preview:large, max-video-preview:-1\" \/>\n<link rel=\"canonical\" href=\"https:\/\/felinelingeries.com\/loja-virtual\/produto\/body-e-calca-meu-primeiro-natal-\ud83c\udf84\/\" \/>\n<meta property=\"og:locale\" content=\"pt_BR\" \/>\n<meta property=\"og:type\" content=\"article\" \/>\n<meta property=\"og:title\" content=\"Body e cal\u00e7a Meu primeiro Natal \ud83c\udf84 - Feline\" \/>\n<meta property=\"og:description\" content=\"Pijama cole\u00e7\u00e3o Natal Conjunto de body + cal\u00e7a, em malha com elastano, estampa exclusiva, e muito conforto. Combine com toda fam\u00edlia. Acompanha um saquinho personalizado. *Acess\u00f3rios n\u00e3o acompanham o pijama Tamanho: P veste beb\u00eas de 0 a 4 meses M veste beb\u00eas de 4 a 8 meses G veste beb\u00eas de 8meses a 1 ano\" \/>\n<meta property=\"og:url\" content=\"https:\/\/felinelingeries.com\/loja-virtual\/produto\/body-e-calca-meu-primeiro-natal-\ud83c\udf84\/\" \/>\n<meta property=\"og:site_name\" content=\"Feline\" \/>\n<meta property=\"article:publisher\" content=\"https:\/\/www.facebook.com\/amofeline\" \/>\n<meta property=\"article:modified_time\" content=\"2025-12-08T23:21:51+00:00\" \/>\n<meta property=\"og:image\" content=\"https:\/\/i0.wp.com\/felinelingeries.com\/loja-virtual\/wp-content\/uploads\/2025\/11\/img_1355-scaled.jpeg?fit=2111%2C2560&ssl=1\" \/>\n\t<meta property=\"og:image:width\" content=\"2111\" \/>\n\t<meta property=\"og:image:height\" content=\"2560\" \/>\n\t<meta property=\"og:image:type\" content=\"image\/jpeg\" \/>\n<meta name=\"twitter:card\" content=\"summary_large_image\" \/>\n<script type=\"application\/ld+json\" class=\"yoast-schema-graph\">{\"@context\":\"https:\/\/schema.org\",\"@graph\":[{\"@type\":\"WebPage\",\"@id\":\"https:\/\/felinelingeries.com\/loja-virtual\/produto\/body-e-calca-meu-primeiro-natal-%f0%9f%8e%84\/\",\"url\":\"https:\/\/felinelingeries.com\/loja-virtual\/produto\/body-e-calca-meu-primeiro-natal-%f0%9f%8e%84\/\",\"name\":\"Body e cal\u00e7a Meu primeiro Natal \ud83c\udf84 - Feline\",\"isPartOf\":{\"@id\":\"https:\/\/felinelingeries.com\/loja-virtual\/#website\"},\"primaryImageOfPage\":{\"@id\":\"https:\/\/felinelingeries.com\/loja-virtual\/produto\/body-e-calca-meu-primeiro-natal-%f0%9f%8e%84\/#primaryimage\"},\"image\":{\"@id\":\"https:\/\/felinelingeries.com\/loja-virtual\/produto\/body-e-calca-meu-primeiro-natal-%f0%9f%8e%84\/#primaryimage\"},\"thumbnailUrl\":\"https:\/\/i0.wp.com\/felinelingeries.com\/loja-virtual\/wp-content\/uploads\/2025\/11\/img_1355-scaled.jpeg?fit=2111%2C2560&ssl=1\",\"datePublished\":\"2025-11-06T11:21:56+00:00\",\"dateModified\":\"2025-12-08T23:21:51+00:00\",\"breadcrumb\":{\"@id\":\"https:\/\/felinelingeries.com\/loja-virtual\/produto\/body-e-calca-meu-primeiro-natal-%f0%9f%8e%84\/#breadcrumb\"},\"inLanguage\":\"pt-BR\",\"potentialAction\":[{\"@type\":\"ReadAction\",\"target\":[\"https:\/\/felinelingeries.com\/loja-virtual\/produto\/body-e-calca-meu-primeiro-natal-%f0%9f%8e%84\/\"]}]},{\"@type\":\"ImageObject\",\"inLanguage\":\"pt-BR\",\"@id\":\"https:\/\/felinelingeries.com\/loja-virtual\/produto\/body-e-calca-meu-primeiro-natal-%f0%9f%8e%84\/#primaryimage\",\"url\":\"https:\/\/i0.wp.com\/felinelingeries.com\/loja-virtual\/wp-content\/uploads\/2025\/11\/img_1355-scaled.jpeg?fit=2111%2C2560&ssl=1\",\"contentUrl\":\"https:\/\/i0.wp.com\/felinelingeries.com\/loja-virtual\/wp-content\/uploads\/2025\/11\/img_1355-scaled.jpeg?fit=2111%2C2560&ssl=1\",\"width\":2111,\"height\":2560},{\"@type\":\"BreadcrumbList\",\"@id\":\"https:\/\/felinelingeries.com\/loja-virtual\/produto\/body-e-calca-meu-primeiro-natal-%f0%9f%8e%84\/#breadcrumb\",\"itemListElement\":[{\"@type\":\"ListItem\",\"position\":1,\"name\":\"In\u00edcio\",\"item\":\"https:\/\/felinelingeries.com\/loja-virtual\/\"},{\"@type\":\"ListItem\",\"position\":2,\"name\":\"Shop\",\"item\":\"https:\/\/felinelingeries.com\/loja-virtual\/shop\/\"},{\"@type\":\"ListItem\",\"position\":3,\"name\":\"Body e cal\u00e7a Meu primeiro Natal \ud83c\udf84\"}]},{\"@type\":\"WebSite\",\"@id\":\"https:\/\/felinelingeries.com\/loja-virtual\/#website\",\"url\":\"https:\/\/felinelingeries.com\/loja-virtual\/\",\"name\":\"Feline\",\"description\":\"Loja online especializada em pijamas, biqu\u00ednis e underwear de alta qualidade\",\"publisher\":{\"@id\":\"https:\/\/felinelingeries.com\/loja-virtual\/#organization\"},\"potentialAction\":[{\"@type\":\"SearchAction\",\"target\":{\"@type\":\"EntryPoint\",\"urlTemplate\":\"https:\/\/felinelingeries.com\/loja-virtual\/?s={search_term_string}\"},\"query-input\":{\"@type\":\"PropertyValueSpecification\",\"valueRequired\":true,\"valueName\":\"search_term_string\"}}],\"inLanguage\":\"pt-BR\"},{\"@type\":\"Organization\",\"@id\":\"https:\/\/felinelingeries.com\/loja-virtual\/#organization\",\"name\":\"Feline\",\"url\":\"https:\/\/felinelingeries.com\/loja-virtual\/\",\"logo\":{\"@type\":\"ImageObject\",\"inLanguage\":\"pt-BR\",\"@id\":\"https:\/\/felinelingeries.com\/loja-virtual\/#\/schema\/logo\/image\/\",\"url\":\"https:\/\/i0.wp.com\/felinelingeries.com\/loja-virtual\/wp-content\/uploads\/2024\/08\/logoFelineRedimensionada2.png?fit=300%2C127&ssl=1\",\"contentUrl\":\"https:\/\/i0.wp.com\/felinelingeries.com\/loja-virtual\/wp-content\/uploads\/2024\/08\/logoFelineRedimensionada2.png?fit=300%2C127&ssl=1\",\"width\":300,\"height\":127,\"caption\":\"Feline\"},\"image\":{\"@id\":\"https:\/\/felinelingeries.com\/loja-virtual\/#\/schema\/logo\/image\/\"},\"sameAs\":[\"https:\/\/www.facebook.com\/amofeline\",\"https:\/\/www.instagram.com\/naira_feline\/\"]}]}<\/script>\n<!-- \/ Yoast SEO plugin. -->","yoast_head_json":{"title":"Body e cal\u00e7a Meu primeiro Natal \ud83c\udf84 - Feline","robots":{"index":"index","follow":"follow","max-snippet":"max-snippet:-1","max-image-preview":"max-image-preview:large","max-video-preview":"max-video-preview:-1"},"canonical":"https:\/\/felinelingeries.com\/loja-virtual\/produto\/body-e-calca-meu-primeiro-natal-\ud83c\udf84\/","og_locale":"pt_BR","og_type":"article","og_title":"Body e cal\u00e7a Meu primeiro Natal \ud83c\udf84 - Feline","og_description":"Pijama cole\u00e7\u00e3o Natal Conjunto de body + cal\u00e7a, em malha com elastano, estampa exclusiva, e muito conforto. Combine com toda fam\u00edlia. Acompanha um saquinho personalizado. *Acess\u00f3rios n\u00e3o acompanham o pijama Tamanho: P veste beb\u00eas de 0 a 4 meses M veste beb\u00eas de 4 a 8 meses G veste beb\u00eas de 8meses a 1 ano","og_url":"https:\/\/felinelingeries.com\/loja-virtual\/produto\/body-e-calca-meu-primeiro-natal-\ud83c\udf84\/","og_site_name":"Feline","article_publisher":"https:\/\/www.facebook.com\/amofeline","article_modified_time":"2025-12-08T23:21:51+00:00","og_image":[{"width":2111,"height":2560,"url":"https:\/\/i0.wp.com\/felinelingeries.com\/loja-virtual\/wp-content\/uploads\/2025\/11\/img_1355-scaled.jpeg?fit=2111%2C2560&ssl=1","type":"image\/jpeg"}],"twitter_card":"summary_large_image","schema":{"@context":"https:\/\/schema.org","@graph":[{"@type":"WebPage","@id":"https:\/\/felinelingeries.com\/loja-virtual\/produto\/body-e-calca-meu-primeiro-natal-%f0%9f%8e%84\/","url":"https:\/\/felinelingeries.com\/loja-virtual\/produto\/body-e-calca-meu-primeiro-natal-%f0%9f%8e%84\/","name":"Body e cal\u00e7a Meu primeiro Natal \ud83c\udf84 - Feline","isPartOf":{"@id":"https:\/\/felinelingeries.com\/loja-virtual\/#website"},"primaryImageOfPage":{"@id":"https:\/\/felinelingeries.com\/loja-virtual\/produto\/body-e-calca-meu-primeiro-natal-%f0%9f%8e%84\/#primaryimage"},"image":{"@id":"https:\/\/felinelingeries.com\/loja-virtual\/produto\/body-e-calca-meu-primeiro-natal-%f0%9f%8e%84\/#primaryimage"},"thumbnailUrl":"https:\/\/i0.wp.com\/felinelingeries.com\/loja-virtual\/wp-content\/uploads\/2025\/11\/img_1355-scaled.jpeg?fit=2111%2C2560&ssl=1","datePublished":"2025-11-06T11:21:56+00:00","dateModified":"2025-12-08T23:21:51+00:00","breadcrumb":{"@id":"https:\/\/felinelingeries.com\/loja-virtual\/produto\/body-e-calca-meu-primeiro-natal-%f0%9f%8e%84\/#breadcrumb"},"inLanguage":"pt-BR","potentialAction":[{"@type":"ReadAction","target":["https:\/\/felinelingeries.com\/loja-virtual\/produto\/body-e-calca-meu-primeiro-natal-%f0%9f%8e%84\/"]}]},{"@type":"ImageObject","inLanguage":"pt-BR","@id":"https:\/\/felinelingeries.com\/loja-virtual\/produto\/body-e-calca-meu-primeiro-natal-%f0%9f%8e%84\/#primaryimage","url":"https:\/\/i0.wp.com\/felinelingeries.com\/loja-virtual\/wp-content\/uploads\/2025\/11\/img_1355-scaled.jpeg?fit=2111%2C2560&ssl=1","contentUrl":"https:\/\/i0.wp.com\/felinelingeries.com\/loja-virtual\/wp-content\/uploads\/2025\/11\/img_1355-scaled.jpeg?fit=2111%2C2560&ssl=1","width":2111,"height":2560},{"@type":"BreadcrumbList","@id":"https:\/\/felinelingeries.com\/loja-virtual\/produto\/body-e-calca-meu-primeiro-natal-%f0%9f%8e%84\/#breadcrumb","itemListElement":[{"@type":"ListItem","position":1,"name":"In\u00edcio","item":"https:\/\/felinelingeries.com\/loja-virtual\/"},{"@type":"ListItem","position":2,"name":"Shop","item":"https:\/\/felinelingeries.com\/loja-virtual\/shop\/"},{"@type":"ListItem","position":3,"name":"Body e cal\u00e7a Meu primeiro Natal \ud83c\udf84"}]},{"@type":"WebSite","@id":"https:\/\/felinelingeries.com\/loja-virtual\/#website","url":"https:\/\/felinelingeries.com\/loja-virtual\/","name":"Feline","description":"Loja online especializada em pijamas, biqu\u00ednis e underwear de alta qualidade","publisher":{"@id":"https:\/\/felinelingeries.com\/loja-virtual\/#organization"},"potentialAction":[{"@type":"SearchAction","target":{"@type":"EntryPoint","urlTemplate":"https:\/\/felinelingeries.com\/loja-virtual\/?s={search_term_string}"},"query-input":{"@type":"PropertyValueSpecification","valueRequired":true,"valueName":"search_term_string"}}],"inLanguage":"pt-BR"},{"@type":"Organization","@id":"https:\/\/felinelingeries.com\/loja-virtual\/#organization","name":"Feline","url":"https:\/\/felinelingeries.com\/loja-virtual\/","logo":{"@type":"ImageObject","inLanguage":"pt-BR","@id":"https:\/\/felinelingeries.com\/loja-virtual\/#\/schema\/logo\/image\/","url":"https:\/\/i0.wp.com\/felinelingeries.com\/loja-virtual\/wp-content\/uploads\/2024\/08\/logoFelineRedimensionada2.png?fit=300%2C127&ssl=1","contentUrl":"https:\/\/i0.wp.com\/felinelingeries.com\/loja-virtual\/wp-content\/uploads\/2024\/08\/logoFelineRedimensionada2.png?fit=300%2C127&ssl=1","width":300,"height":127,"caption":"Feline"},"image":{"@id":"https:\/\/felinelingeries.com\/loja-virtual\/#\/schema\/logo\/image\/"},"sameAs":["https:\/\/www.facebook.com\/amofeline","https:\/\/www.instagram.com\/naira_feline\/"]}]}},"jetpack_sharing_enabled":true,"_links":{"self":[{"href":"https:\/\/felinelingeries.com\/loja-virtual\/wp-json\/wp\/v2\/product\/5893","targetHints":{"allow":["GET"]}}],"collection":[{"href":"https:\/\/felinelingeries.com\/loja-virtual\/wp-json\/wp\/v2\/product"}],"about":[{"href":"https:\/\/felinelingeries.com\/loja-virtual\/wp-json\/wp\/v2\/types\/product"}],"wp:featuredmedia":[{"embeddable":true,"href":"https:\/\/felinelingeries.com\/loja-virtual\/wp-json\/wp\/v2\/media\/5892"}],"wp:attachment":[{"href":"https:\/\/felinelingeries.com\/loja-virtual\/wp-json\/wp\/v2\/media?parent=5893"}],"wp:term":[{"taxonomy":"product_brand","embeddable":true,"href":"https:\/\/felinelingeries.com\/loja-virtual\/wp-json\/wp\/v2\/product_brand?post=5893"},{"taxonomy":"product_cat","embeddable":true,"href":"https:\/\/felinelingeries.com\/loja-virtual\/wp-json\/wp\/v2\/product_cat?post=5893"},{"taxonomy":"product_tag","embeddable":true,"href":"https:\/\/felinelingeries.com\/loja-virtual\/wp-json\/wp\/v2\/product_tag?post=5893"}],"curies":[{"name":"wp","href":"https:\/\/api.w.org\/{rel}","templated":true}]}}