{"id":6035,"date":"2026-03-24T13:38:04","date_gmt":"2026-03-24T16:38:04","guid":{"rendered":"https:\/\/felinelingeries.com\/loja-virtual\/?post_type=product&#038;p=6035"},"modified":"2026-05-08T13:59:15","modified_gmt":"2026-05-08T16:59:15","slug":"pijama-feminino-bb-moment","status":"publish","type":"product","link":"https:\/\/felinelingeries.com\/loja-virtual\/produto\/pijama-feminino-bb-moment\/","title":{"rendered":"Pijama Feminino BB Moment"},"content":{"rendered":"<p>Pijama feminino, com cal\u00e7a jogger e punho, estampa exclusiva, em tecido de malha touch, extra macia e com elastano!<\/p>\n<p>Combine com outros itens da cole\u00e7\u00e3o, fronhas, pantufas e meias!<\/p>\n<p>Que tamanho voc\u00ea usa?<\/p>\n<p>PP veste manequim 34<\/p>\n<p>P veste manequim 36\/38<\/p>\n<p>M veste manequim 40\/42<\/p>\n<p>G veste manequim 44\/46<\/p>\n<p>GG veste manequim 46\/48<\/p>\n<p>* somente pijama, acess\u00f3rios s\u00e3o vendidos separadamente!!<\/p>\n","protected":false},"excerpt":{"rendered":"<p>Pijama feminino, com cal\u00e7a jogger e punho, estampa exclusiva, em tecido de malha touch, extra macia e com elastano! Combine com outros itens da cole\u00e7\u00e3o, fronhas, pantufas e meias! Que tamanho voc\u00ea usa? PP veste manequim 34 P veste manequim 36\/38 M veste manequim 40\/42 G veste manequim 44\/46 GG veste manequim 46\/48 * somente [&#8230;]\n","protected":false},"featured_media":6034,"template":"","meta":[],"product_brand":[],"product_cat":[522,209,451,16,176,283,15],"product_tag":[225,107,576,66,119,104,489],"class_list":{"0":"post-6035","1":"product","2":"type-product","3":"status-publish","4":"has-post-thumbnail","6":"product_cat-feminino-pijamas","7":"product_cat-pijamas-familia","8":"product_cat-lua-lua","9":"product_cat-pijamas","10":"product_cat-mae-e-filha","11":"product_cat-pijamas-do-lulu","12":"product_cat-pijamas-longos","13":"product_tag-lua-lua","14":"product_tag-lulu","15":"product_tag-moment","16":"product_tag-pijama","17":"product_tag-urso","18":"product_tag-verde","19":"product_tag-xadrez","20":"pa_tamanho-p","21":"pa_tamanho-m","22":"pa_tamanho-g","23":"pa_tamanho-gg","25":"first","26":"instock","27":"shipping-taxable","28":"purchasable","29":"product-type-variable"},"yoast_head":"<!-- This site is optimized with the Yoast SEO plugin v27.2 - https:\/\/yoast.com\/product\/yoast-seo-wordpress\/ -->\n<title>Pijama Feminino BB Moment - Feline<\/title>\n<meta name=\"robots\" content=\"index, follow, max-snippet:-1, max-image-preview:large, max-video-preview:-1\" \/>\n<link rel=\"canonical\" href=\"https:\/\/felinelingeries.com\/loja-virtual\/produto\/pijama-feminino-bb-moment\/\" \/>\n<meta property=\"og:locale\" content=\"pt_BR\" \/>\n<meta property=\"og:type\" content=\"article\" \/>\n<meta property=\"og:title\" content=\"Pijama Feminino BB Moment - Feline\" \/>\n<meta property=\"og:description\" content=\"Pijama feminino, com cal\u00e7a jogger e punho, estampa exclusiva, em tecido de malha touch, extra macia e com elastano! Combine com outros itens da cole\u00e7\u00e3o, fronhas, pantufas e meias! Que tamanho voc\u00ea usa? PP veste manequim 34 P veste manequim 36\/38 M veste manequim 40\/42 G veste manequim 44\/46 GG veste manequim 46\/48 * somente [...]\" \/>\n<meta property=\"og:url\" content=\"https:\/\/felinelingeries.com\/loja-virtual\/produto\/pijama-feminino-bb-moment\/\" \/>\n<meta property=\"og:site_name\" content=\"Feline\" \/>\n<meta property=\"article:publisher\" content=\"https:\/\/www.facebook.com\/amofeline\" \/>\n<meta property=\"article:modified_time\" content=\"2026-05-08T16:59:15+00:00\" \/>\n<meta property=\"og:image\" content=\"https:\/\/i0.wp.com\/felinelingeries.com\/loja-virtual\/wp-content\/uploads\/2026\/03\/img_4072-3-scaled.jpeg?fit=1706%2C2560&ssl=1\" \/>\n\t<meta property=\"og:image:width\" content=\"1706\" \/>\n\t<meta property=\"og:image:height\" content=\"2560\" \/>\n\t<meta property=\"og:image:type\" content=\"image\/jpeg\" \/>\n<meta name=\"twitter:card\" content=\"summary_large_image\" \/>\n<script type=\"application\/ld+json\" class=\"yoast-schema-graph\">{\"@context\":\"https:\/\/schema.org\",\"@graph\":[{\"@type\":\"WebPage\",\"@id\":\"https:\/\/felinelingeries.com\/loja-virtual\/produto\/pijama-feminino-bb-moment\/\",\"url\":\"https:\/\/felinelingeries.com\/loja-virtual\/produto\/pijama-feminino-bb-moment\/\",\"name\":\"Pijama Feminino BB Moment - Feline\",\"isPartOf\":{\"@id\":\"https:\/\/felinelingeries.com\/loja-virtual\/#website\"},\"primaryImageOfPage\":{\"@id\":\"https:\/\/felinelingeries.com\/loja-virtual\/produto\/pijama-feminino-bb-moment\/#primaryimage\"},\"image\":{\"@id\":\"https:\/\/felinelingeries.com\/loja-virtual\/produto\/pijama-feminino-bb-moment\/#primaryimage\"},\"thumbnailUrl\":\"https:\/\/i0.wp.com\/felinelingeries.com\/loja-virtual\/wp-content\/uploads\/2026\/03\/img_4072-3-scaled.jpeg?fit=1706%2C2560&ssl=1\",\"datePublished\":\"2026-03-24T16:38:04+00:00\",\"dateModified\":\"2026-05-08T16:59:15+00:00\",\"breadcrumb\":{\"@id\":\"https:\/\/felinelingeries.com\/loja-virtual\/produto\/pijama-feminino-bb-moment\/#breadcrumb\"},\"inLanguage\":\"pt-BR\",\"potentialAction\":[{\"@type\":\"ReadAction\",\"target\":[\"https:\/\/felinelingeries.com\/loja-virtual\/produto\/pijama-feminino-bb-moment\/\"]}]},{\"@type\":\"ImageObject\",\"inLanguage\":\"pt-BR\",\"@id\":\"https:\/\/felinelingeries.com\/loja-virtual\/produto\/pijama-feminino-bb-moment\/#primaryimage\",\"url\":\"https:\/\/i0.wp.com\/felinelingeries.com\/loja-virtual\/wp-content\/uploads\/2026\/03\/img_4072-3-scaled.jpeg?fit=1706%2C2560&ssl=1\",\"contentUrl\":\"https:\/\/i0.wp.com\/felinelingeries.com\/loja-virtual\/wp-content\/uploads\/2026\/03\/img_4072-3-scaled.jpeg?fit=1706%2C2560&ssl=1\",\"width\":1706,\"height\":2560},{\"@type\":\"BreadcrumbList\",\"@id\":\"https:\/\/felinelingeries.com\/loja-virtual\/produto\/pijama-feminino-bb-moment\/#breadcrumb\",\"itemListElement\":[{\"@type\":\"ListItem\",\"position\":1,\"name\":\"In\u00edcio\",\"item\":\"https:\/\/felinelingeries.com\/loja-virtual\/\"},{\"@type\":\"ListItem\",\"position\":2,\"name\":\"Shop\",\"item\":\"https:\/\/felinelingeries.com\/loja-virtual\/shop\/\"},{\"@type\":\"ListItem\",\"position\":3,\"name\":\"Pijama Feminino BB Moment\"}]},{\"@type\":\"WebSite\",\"@id\":\"https:\/\/felinelingeries.com\/loja-virtual\/#website\",\"url\":\"https:\/\/felinelingeries.com\/loja-virtual\/\",\"name\":\"Feline\",\"description\":\"Loja online especializada em pijamas, biqu\u00ednis e underwear de alta qualidade\",\"publisher\":{\"@id\":\"https:\/\/felinelingeries.com\/loja-virtual\/#organization\"},\"potentialAction\":[{\"@type\":\"SearchAction\",\"target\":{\"@type\":\"EntryPoint\",\"urlTemplate\":\"https:\/\/felinelingeries.com\/loja-virtual\/?s={search_term_string}\"},\"query-input\":{\"@type\":\"PropertyValueSpecification\",\"valueRequired\":true,\"valueName\":\"search_term_string\"}}],\"inLanguage\":\"pt-BR\"},{\"@type\":\"Organization\",\"@id\":\"https:\/\/felinelingeries.com\/loja-virtual\/#organization\",\"name\":\"Feline\",\"url\":\"https:\/\/felinelingeries.com\/loja-virtual\/\",\"logo\":{\"@type\":\"ImageObject\",\"inLanguage\":\"pt-BR\",\"@id\":\"https:\/\/felinelingeries.com\/loja-virtual\/#\/schema\/logo\/image\/\",\"url\":\"https:\/\/i0.wp.com\/felinelingeries.com\/loja-virtual\/wp-content\/uploads\/2024\/08\/logoFelineRedimensionada2.png?fit=300%2C127&ssl=1\",\"contentUrl\":\"https:\/\/i0.wp.com\/felinelingeries.com\/loja-virtual\/wp-content\/uploads\/2024\/08\/logoFelineRedimensionada2.png?fit=300%2C127&ssl=1\",\"width\":300,\"height\":127,\"caption\":\"Feline\"},\"image\":{\"@id\":\"https:\/\/felinelingeries.com\/loja-virtual\/#\/schema\/logo\/image\/\"},\"sameAs\":[\"https:\/\/www.facebook.com\/amofeline\",\"https:\/\/www.instagram.com\/naira_feline\/\"]}]}<\/script>\n<!-- \/ Yoast SEO plugin. -->","yoast_head_json":{"title":"Pijama Feminino BB Moment - Feline","robots":{"index":"index","follow":"follow","max-snippet":"max-snippet:-1","max-image-preview":"max-image-preview:large","max-video-preview":"max-video-preview:-1"},"canonical":"https:\/\/felinelingeries.com\/loja-virtual\/produto\/pijama-feminino-bb-moment\/","og_locale":"pt_BR","og_type":"article","og_title":"Pijama Feminino BB Moment - Feline","og_description":"Pijama feminino, com cal\u00e7a jogger e punho, estampa exclusiva, em tecido de malha touch, extra macia e com elastano! Combine com outros itens da cole\u00e7\u00e3o, fronhas, pantufas e meias! Que tamanho voc\u00ea usa? PP veste manequim 34 P veste manequim 36\/38 M veste manequim 40\/42 G veste manequim 44\/46 GG veste manequim 46\/48 * somente [...]","og_url":"https:\/\/felinelingeries.com\/loja-virtual\/produto\/pijama-feminino-bb-moment\/","og_site_name":"Feline","article_publisher":"https:\/\/www.facebook.com\/amofeline","article_modified_time":"2026-05-08T16:59:15+00:00","og_image":[{"width":1706,"height":2560,"url":"https:\/\/i0.wp.com\/felinelingeries.com\/loja-virtual\/wp-content\/uploads\/2026\/03\/img_4072-3-scaled.jpeg?fit=1706%2C2560&ssl=1","type":"image\/jpeg"}],"twitter_card":"summary_large_image","schema":{"@context":"https:\/\/schema.org","@graph":[{"@type":"WebPage","@id":"https:\/\/felinelingeries.com\/loja-virtual\/produto\/pijama-feminino-bb-moment\/","url":"https:\/\/felinelingeries.com\/loja-virtual\/produto\/pijama-feminino-bb-moment\/","name":"Pijama Feminino BB Moment - Feline","isPartOf":{"@id":"https:\/\/felinelingeries.com\/loja-virtual\/#website"},"primaryImageOfPage":{"@id":"https:\/\/felinelingeries.com\/loja-virtual\/produto\/pijama-feminino-bb-moment\/#primaryimage"},"image":{"@id":"https:\/\/felinelingeries.com\/loja-virtual\/produto\/pijama-feminino-bb-moment\/#primaryimage"},"thumbnailUrl":"https:\/\/i0.wp.com\/felinelingeries.com\/loja-virtual\/wp-content\/uploads\/2026\/03\/img_4072-3-scaled.jpeg?fit=1706%2C2560&ssl=1","datePublished":"2026-03-24T16:38:04+00:00","dateModified":"2026-05-08T16:59:15+00:00","breadcrumb":{"@id":"https:\/\/felinelingeries.com\/loja-virtual\/produto\/pijama-feminino-bb-moment\/#breadcrumb"},"inLanguage":"pt-BR","potentialAction":[{"@type":"ReadAction","target":["https:\/\/felinelingeries.com\/loja-virtual\/produto\/pijama-feminino-bb-moment\/"]}]},{"@type":"ImageObject","inLanguage":"pt-BR","@id":"https:\/\/felinelingeries.com\/loja-virtual\/produto\/pijama-feminino-bb-moment\/#primaryimage","url":"https:\/\/i0.wp.com\/felinelingeries.com\/loja-virtual\/wp-content\/uploads\/2026\/03\/img_4072-3-scaled.jpeg?fit=1706%2C2560&ssl=1","contentUrl":"https:\/\/i0.wp.com\/felinelingeries.com\/loja-virtual\/wp-content\/uploads\/2026\/03\/img_4072-3-scaled.jpeg?fit=1706%2C2560&ssl=1","width":1706,"height":2560},{"@type":"BreadcrumbList","@id":"https:\/\/felinelingeries.com\/loja-virtual\/produto\/pijama-feminino-bb-moment\/#breadcrumb","itemListElement":[{"@type":"ListItem","position":1,"name":"In\u00edcio","item":"https:\/\/felinelingeries.com\/loja-virtual\/"},{"@type":"ListItem","position":2,"name":"Shop","item":"https:\/\/felinelingeries.com\/loja-virtual\/shop\/"},{"@type":"ListItem","position":3,"name":"Pijama Feminino BB Moment"}]},{"@type":"WebSite","@id":"https:\/\/felinelingeries.com\/loja-virtual\/#website","url":"https:\/\/felinelingeries.com\/loja-virtual\/","name":"Feline","description":"Loja online especializada em pijamas, biqu\u00ednis e underwear de alta qualidade","publisher":{"@id":"https:\/\/felinelingeries.com\/loja-virtual\/#organization"},"potentialAction":[{"@type":"SearchAction","target":{"@type":"EntryPoint","urlTemplate":"https:\/\/felinelingeries.com\/loja-virtual\/?s={search_term_string}"},"query-input":{"@type":"PropertyValueSpecification","valueRequired":true,"valueName":"search_term_string"}}],"inLanguage":"pt-BR"},{"@type":"Organization","@id":"https:\/\/felinelingeries.com\/loja-virtual\/#organization","name":"Feline","url":"https:\/\/felinelingeries.com\/loja-virtual\/","logo":{"@type":"ImageObject","inLanguage":"pt-BR","@id":"https:\/\/felinelingeries.com\/loja-virtual\/#\/schema\/logo\/image\/","url":"https:\/\/i0.wp.com\/felinelingeries.com\/loja-virtual\/wp-content\/uploads\/2024\/08\/logoFelineRedimensionada2.png?fit=300%2C127&ssl=1","contentUrl":"https:\/\/i0.wp.com\/felinelingeries.com\/loja-virtual\/wp-content\/uploads\/2024\/08\/logoFelineRedimensionada2.png?fit=300%2C127&ssl=1","width":300,"height":127,"caption":"Feline"},"image":{"@id":"https:\/\/felinelingeries.com\/loja-virtual\/#\/schema\/logo\/image\/"},"sameAs":["https:\/\/www.facebook.com\/amofeline","https:\/\/www.instagram.com\/naira_feline\/"]}]}},"jetpack_sharing_enabled":true,"_links":{"self":[{"href":"https:\/\/felinelingeries.com\/loja-virtual\/wp-json\/wp\/v2\/product\/6035","targetHints":{"allow":["GET"]}}],"collection":[{"href":"https:\/\/felinelingeries.com\/loja-virtual\/wp-json\/wp\/v2\/product"}],"about":[{"href":"https:\/\/felinelingeries.com\/loja-virtual\/wp-json\/wp\/v2\/types\/product"}],"wp:featuredmedia":[{"embeddable":true,"href":"https:\/\/felinelingeries.com\/loja-virtual\/wp-json\/wp\/v2\/media\/6034"}],"wp:attachment":[{"href":"https:\/\/felinelingeries.com\/loja-virtual\/wp-json\/wp\/v2\/media?parent=6035"}],"wp:term":[{"taxonomy":"product_brand","embeddable":true,"href":"https:\/\/felinelingeries.com\/loja-virtual\/wp-json\/wp\/v2\/product_brand?post=6035"},{"taxonomy":"product_cat","embeddable":true,"href":"https:\/\/felinelingeries.com\/loja-virtual\/wp-json\/wp\/v2\/product_cat?post=6035"},{"taxonomy":"product_tag","embeddable":true,"href":"https:\/\/felinelingeries.com\/loja-virtual\/wp-json\/wp\/v2\/product_tag?post=6035"}],"curies":[{"name":"wp","href":"https:\/\/api.w.org\/{rel}","templated":true}]}}