{"id":6163,"date":"2026-04-10T14:49:41","date_gmt":"2026-04-10T17:49:41","guid":{"rendered":"https:\/\/felinelingeries.com\/loja-virtual\/?post_type=product&#038;p=6163"},"modified":"2026-04-10T15:00:43","modified_gmt":"2026-04-10T18:00:43","slug":"regata-fancy-basica","status":"publish","type":"product","link":"https:\/\/felinelingeries.com\/loja-virtual\/produto\/regata-fancy-basica\/","title":{"rendered":"Regata Fancy b\u00e1sica"},"content":{"rendered":"<p>Regata de al\u00e7a mais larga ( da pra usar soutien), em poliamida e elastano, fica super confort\u00e1vel, se ajusta ao corpo.<\/p>\n<p>Comprimento: linha da cintura<\/p>\n<p>Parte da frente dupla pra estruturar o corpo.<\/p>\n<p>Veste P ( 34\/36)<\/p>\n<p>Veste M (38\/40)<\/p>\n<p>Veste G ( 42\/44)<\/p>\n<p>Veste GG (44\/46)<\/p>\n","protected":false},"excerpt":{"rendered":"<p>Regata de al\u00e7a mais larga ( da pra usar soutien), em poliamida e elastano, fica super confort\u00e1vel, se ajusta ao corpo. Comprimento: linha da cintura Parte da frente dupla pra estruturar o corpo. Veste P ( 34\/36) Veste M (38\/40) Veste G ( 42\/44) Veste GG (44\/46)<\/p>\n","protected":false},"featured_media":6162,"template":"","meta":[],"product_brand":[],"product_cat":[599,601],"product_tag":[526,602,232,603,572,106],"class_list":{"0":"post-6163","1":"product","2":"type-product","3":"status-publish","4":"has-post-thumbnail","6":"product_cat-blusas-basicas","7":"product_cat-regata-blusas-basicas","8":"product_tag-basica","9":"product_tag-blusa","10":"product_tag-dia-a-dia","11":"product_tag-duplex","12":"product_tag-poliamida","13":"product_tag-regata","14":"pa_tamanho-m","15":"pa_tamanho-g","16":"pa_tamanho-gg","18":"first","19":"instock","20":"shipping-taxable","21":"purchasable","22":"product-type-variable"},"yoast_head":"<!-- This site is optimized with the Yoast SEO plugin v27.2 - https:\/\/yoast.com\/product\/yoast-seo-wordpress\/ -->\n<title>Regata Fancy b\u00e1sica - Feline<\/title>\n<meta name=\"robots\" content=\"index, follow, max-snippet:-1, max-image-preview:large, max-video-preview:-1\" \/>\n<link rel=\"canonical\" href=\"https:\/\/felinelingeries.com\/loja-virtual\/produto\/regata-fancy-basica\/\" \/>\n<meta property=\"og:locale\" content=\"pt_BR\" \/>\n<meta property=\"og:type\" content=\"article\" \/>\n<meta property=\"og:title\" content=\"Regata Fancy b\u00e1sica - Feline\" \/>\n<meta property=\"og:description\" content=\"Regata de al\u00e7a mais larga ( da pra usar soutien), em poliamida e elastano, fica super confort\u00e1vel, se ajusta ao corpo. Comprimento: linha da cintura Parte da frente dupla pra estruturar o corpo. Veste P ( 34\/36) Veste M (38\/40) Veste G ( 42\/44) Veste GG (44\/46)\" \/>\n<meta property=\"og:url\" content=\"https:\/\/felinelingeries.com\/loja-virtual\/produto\/regata-fancy-basica\/\" \/>\n<meta property=\"og:site_name\" content=\"Feline\" \/>\n<meta property=\"article:publisher\" content=\"https:\/\/www.facebook.com\/amofeline\" \/>\n<meta property=\"article:modified_time\" content=\"2026-04-10T18:00:43+00:00\" \/>\n<meta property=\"og:image\" content=\"https:\/\/i0.wp.com\/felinelingeries.com\/loja-virtual\/wp-content\/uploads\/2026\/04\/img_3606-scaled.jpeg?fit=1920%2C2560&ssl=1\" \/>\n\t<meta property=\"og:image:width\" content=\"1920\" \/>\n\t<meta property=\"og:image:height\" content=\"2560\" \/>\n\t<meta property=\"og:image:type\" content=\"image\/jpeg\" \/>\n<meta name=\"twitter:card\" content=\"summary_large_image\" \/>\n<script type=\"application\/ld+json\" class=\"yoast-schema-graph\">{\"@context\":\"https:\/\/schema.org\",\"@graph\":[{\"@type\":\"WebPage\",\"@id\":\"https:\/\/felinelingeries.com\/loja-virtual\/produto\/regata-fancy-basica\/\",\"url\":\"https:\/\/felinelingeries.com\/loja-virtual\/produto\/regata-fancy-basica\/\",\"name\":\"Regata Fancy b\u00e1sica - Feline\",\"isPartOf\":{\"@id\":\"https:\/\/felinelingeries.com\/loja-virtual\/#website\"},\"primaryImageOfPage\":{\"@id\":\"https:\/\/felinelingeries.com\/loja-virtual\/produto\/regata-fancy-basica\/#primaryimage\"},\"image\":{\"@id\":\"https:\/\/felinelingeries.com\/loja-virtual\/produto\/regata-fancy-basica\/#primaryimage\"},\"thumbnailUrl\":\"https:\/\/i0.wp.com\/felinelingeries.com\/loja-virtual\/wp-content\/uploads\/2026\/04\/img_3606-scaled.jpeg?fit=1920%2C2560&ssl=1\",\"datePublished\":\"2026-04-10T17:49:41+00:00\",\"dateModified\":\"2026-04-10T18:00:43+00:00\",\"breadcrumb\":{\"@id\":\"https:\/\/felinelingeries.com\/loja-virtual\/produto\/regata-fancy-basica\/#breadcrumb\"},\"inLanguage\":\"pt-BR\",\"potentialAction\":[{\"@type\":\"ReadAction\",\"target\":[\"https:\/\/felinelingeries.com\/loja-virtual\/produto\/regata-fancy-basica\/\"]}]},{\"@type\":\"ImageObject\",\"inLanguage\":\"pt-BR\",\"@id\":\"https:\/\/felinelingeries.com\/loja-virtual\/produto\/regata-fancy-basica\/#primaryimage\",\"url\":\"https:\/\/i0.wp.com\/felinelingeries.com\/loja-virtual\/wp-content\/uploads\/2026\/04\/img_3606-scaled.jpeg?fit=1920%2C2560&ssl=1\",\"contentUrl\":\"https:\/\/i0.wp.com\/felinelingeries.com\/loja-virtual\/wp-content\/uploads\/2026\/04\/img_3606-scaled.jpeg?fit=1920%2C2560&ssl=1\",\"width\":1920,\"height\":2560},{\"@type\":\"BreadcrumbList\",\"@id\":\"https:\/\/felinelingeries.com\/loja-virtual\/produto\/regata-fancy-basica\/#breadcrumb\",\"itemListElement\":[{\"@type\":\"ListItem\",\"position\":1,\"name\":\"In\u00edcio\",\"item\":\"https:\/\/felinelingeries.com\/loja-virtual\/\"},{\"@type\":\"ListItem\",\"position\":2,\"name\":\"Shop\",\"item\":\"https:\/\/felinelingeries.com\/loja-virtual\/shop\/\"},{\"@type\":\"ListItem\",\"position\":3,\"name\":\"Regata Fancy b\u00e1sica\"}]},{\"@type\":\"WebSite\",\"@id\":\"https:\/\/felinelingeries.com\/loja-virtual\/#website\",\"url\":\"https:\/\/felinelingeries.com\/loja-virtual\/\",\"name\":\"Feline\",\"description\":\"Loja online especializada em pijamas, biqu\u00ednis e underwear de alta qualidade\",\"publisher\":{\"@id\":\"https:\/\/felinelingeries.com\/loja-virtual\/#organization\"},\"potentialAction\":[{\"@type\":\"SearchAction\",\"target\":{\"@type\":\"EntryPoint\",\"urlTemplate\":\"https:\/\/felinelingeries.com\/loja-virtual\/?s={search_term_string}\"},\"query-input\":{\"@type\":\"PropertyValueSpecification\",\"valueRequired\":true,\"valueName\":\"search_term_string\"}}],\"inLanguage\":\"pt-BR\"},{\"@type\":\"Organization\",\"@id\":\"https:\/\/felinelingeries.com\/loja-virtual\/#organization\",\"name\":\"Feline\",\"url\":\"https:\/\/felinelingeries.com\/loja-virtual\/\",\"logo\":{\"@type\":\"ImageObject\",\"inLanguage\":\"pt-BR\",\"@id\":\"https:\/\/felinelingeries.com\/loja-virtual\/#\/schema\/logo\/image\/\",\"url\":\"https:\/\/i0.wp.com\/felinelingeries.com\/loja-virtual\/wp-content\/uploads\/2024\/08\/logoFelineRedimensionada2.png?fit=300%2C127&ssl=1\",\"contentUrl\":\"https:\/\/i0.wp.com\/felinelingeries.com\/loja-virtual\/wp-content\/uploads\/2024\/08\/logoFelineRedimensionada2.png?fit=300%2C127&ssl=1\",\"width\":300,\"height\":127,\"caption\":\"Feline\"},\"image\":{\"@id\":\"https:\/\/felinelingeries.com\/loja-virtual\/#\/schema\/logo\/image\/\"},\"sameAs\":[\"https:\/\/www.facebook.com\/amofeline\",\"https:\/\/www.instagram.com\/naira_feline\/\"]}]}<\/script>\n<!-- \/ Yoast SEO plugin. -->","yoast_head_json":{"title":"Regata Fancy b\u00e1sica - Feline","robots":{"index":"index","follow":"follow","max-snippet":"max-snippet:-1","max-image-preview":"max-image-preview:large","max-video-preview":"max-video-preview:-1"},"canonical":"https:\/\/felinelingeries.com\/loja-virtual\/produto\/regata-fancy-basica\/","og_locale":"pt_BR","og_type":"article","og_title":"Regata Fancy b\u00e1sica - Feline","og_description":"Regata de al\u00e7a mais larga ( da pra usar soutien), em poliamida e elastano, fica super confort\u00e1vel, se ajusta ao corpo. Comprimento: linha da cintura Parte da frente dupla pra estruturar o corpo. Veste P ( 34\/36) Veste M (38\/40) Veste G ( 42\/44) Veste GG (44\/46)","og_url":"https:\/\/felinelingeries.com\/loja-virtual\/produto\/regata-fancy-basica\/","og_site_name":"Feline","article_publisher":"https:\/\/www.facebook.com\/amofeline","article_modified_time":"2026-04-10T18:00:43+00:00","og_image":[{"width":1920,"height":2560,"url":"https:\/\/i0.wp.com\/felinelingeries.com\/loja-virtual\/wp-content\/uploads\/2026\/04\/img_3606-scaled.jpeg?fit=1920%2C2560&ssl=1","type":"image\/jpeg"}],"twitter_card":"summary_large_image","schema":{"@context":"https:\/\/schema.org","@graph":[{"@type":"WebPage","@id":"https:\/\/felinelingeries.com\/loja-virtual\/produto\/regata-fancy-basica\/","url":"https:\/\/felinelingeries.com\/loja-virtual\/produto\/regata-fancy-basica\/","name":"Regata Fancy b\u00e1sica - Feline","isPartOf":{"@id":"https:\/\/felinelingeries.com\/loja-virtual\/#website"},"primaryImageOfPage":{"@id":"https:\/\/felinelingeries.com\/loja-virtual\/produto\/regata-fancy-basica\/#primaryimage"},"image":{"@id":"https:\/\/felinelingeries.com\/loja-virtual\/produto\/regata-fancy-basica\/#primaryimage"},"thumbnailUrl":"https:\/\/i0.wp.com\/felinelingeries.com\/loja-virtual\/wp-content\/uploads\/2026\/04\/img_3606-scaled.jpeg?fit=1920%2C2560&ssl=1","datePublished":"2026-04-10T17:49:41+00:00","dateModified":"2026-04-10T18:00:43+00:00","breadcrumb":{"@id":"https:\/\/felinelingeries.com\/loja-virtual\/produto\/regata-fancy-basica\/#breadcrumb"},"inLanguage":"pt-BR","potentialAction":[{"@type":"ReadAction","target":["https:\/\/felinelingeries.com\/loja-virtual\/produto\/regata-fancy-basica\/"]}]},{"@type":"ImageObject","inLanguage":"pt-BR","@id":"https:\/\/felinelingeries.com\/loja-virtual\/produto\/regata-fancy-basica\/#primaryimage","url":"https:\/\/i0.wp.com\/felinelingeries.com\/loja-virtual\/wp-content\/uploads\/2026\/04\/img_3606-scaled.jpeg?fit=1920%2C2560&ssl=1","contentUrl":"https:\/\/i0.wp.com\/felinelingeries.com\/loja-virtual\/wp-content\/uploads\/2026\/04\/img_3606-scaled.jpeg?fit=1920%2C2560&ssl=1","width":1920,"height":2560},{"@type":"BreadcrumbList","@id":"https:\/\/felinelingeries.com\/loja-virtual\/produto\/regata-fancy-basica\/#breadcrumb","itemListElement":[{"@type":"ListItem","position":1,"name":"In\u00edcio","item":"https:\/\/felinelingeries.com\/loja-virtual\/"},{"@type":"ListItem","position":2,"name":"Shop","item":"https:\/\/felinelingeries.com\/loja-virtual\/shop\/"},{"@type":"ListItem","position":3,"name":"Regata Fancy b\u00e1sica"}]},{"@type":"WebSite","@id":"https:\/\/felinelingeries.com\/loja-virtual\/#website","url":"https:\/\/felinelingeries.com\/loja-virtual\/","name":"Feline","description":"Loja online especializada em pijamas, biqu\u00ednis e underwear de alta qualidade","publisher":{"@id":"https:\/\/felinelingeries.com\/loja-virtual\/#organization"},"potentialAction":[{"@type":"SearchAction","target":{"@type":"EntryPoint","urlTemplate":"https:\/\/felinelingeries.com\/loja-virtual\/?s={search_term_string}"},"query-input":{"@type":"PropertyValueSpecification","valueRequired":true,"valueName":"search_term_string"}}],"inLanguage":"pt-BR"},{"@type":"Organization","@id":"https:\/\/felinelingeries.com\/loja-virtual\/#organization","name":"Feline","url":"https:\/\/felinelingeries.com\/loja-virtual\/","logo":{"@type":"ImageObject","inLanguage":"pt-BR","@id":"https:\/\/felinelingeries.com\/loja-virtual\/#\/schema\/logo\/image\/","url":"https:\/\/i0.wp.com\/felinelingeries.com\/loja-virtual\/wp-content\/uploads\/2024\/08\/logoFelineRedimensionada2.png?fit=300%2C127&ssl=1","contentUrl":"https:\/\/i0.wp.com\/felinelingeries.com\/loja-virtual\/wp-content\/uploads\/2024\/08\/logoFelineRedimensionada2.png?fit=300%2C127&ssl=1","width":300,"height":127,"caption":"Feline"},"image":{"@id":"https:\/\/felinelingeries.com\/loja-virtual\/#\/schema\/logo\/image\/"},"sameAs":["https:\/\/www.facebook.com\/amofeline","https:\/\/www.instagram.com\/naira_feline\/"]}]}},"jetpack_sharing_enabled":true,"_links":{"self":[{"href":"https:\/\/felinelingeries.com\/loja-virtual\/wp-json\/wp\/v2\/product\/6163","targetHints":{"allow":["GET"]}}],"collection":[{"href":"https:\/\/felinelingeries.com\/loja-virtual\/wp-json\/wp\/v2\/product"}],"about":[{"href":"https:\/\/felinelingeries.com\/loja-virtual\/wp-json\/wp\/v2\/types\/product"}],"wp:featuredmedia":[{"embeddable":true,"href":"https:\/\/felinelingeries.com\/loja-virtual\/wp-json\/wp\/v2\/media\/6162"}],"wp:attachment":[{"href":"https:\/\/felinelingeries.com\/loja-virtual\/wp-json\/wp\/v2\/media?parent=6163"}],"wp:term":[{"taxonomy":"product_brand","embeddable":true,"href":"https:\/\/felinelingeries.com\/loja-virtual\/wp-json\/wp\/v2\/product_brand?post=6163"},{"taxonomy":"product_cat","embeddable":true,"href":"https:\/\/felinelingeries.com\/loja-virtual\/wp-json\/wp\/v2\/product_cat?post=6163"},{"taxonomy":"product_tag","embeddable":true,"href":"https:\/\/felinelingeries.com\/loja-virtual\/wp-json\/wp\/v2\/product_tag?post=6163"}],"curies":[{"name":"wp","href":"https:\/\/api.w.org\/{rel}","templated":true}]}}