{"id":6183,"date":"2026-04-10T15:40:40","date_gmt":"2026-04-10T18:40:40","guid":{"rendered":"https:\/\/felinelingeries.com\/loja-virtual\/?post_type=product&#038;p=6183"},"modified":"2026-04-10T15:45:24","modified_gmt":"2026-04-10T18:45:24","slug":"calcinha-love-%f0%9f%a9%b7","status":"publish","type":"product","link":"https:\/\/felinelingeries.com\/loja-virtual\/produto\/calcinha-love-%f0%9f%a9%b7\/","title":{"rendered":"Calcinha LOVE \ud83e\ude77"},"content":{"rendered":"<p>Calcinha love, em poliamida com elastano, conforto extra, com detalhe de renda. Cos m\u00e9dio.<\/p>\n<p>Cores sortidas ( n\u00e3o \u00e9 poss\u00edvel escolher) enviaremos conforme estoque!<\/p>\n<p>Tamanho P ( 34\/36)<\/p>\n<p>Tamanho M ( 38\/40)<\/p>\n<p>Tamanho G (42\/44)<\/p>\n<p>Tamanho GG (46\/48)<\/p>\n","protected":false},"excerpt":{"rendered":"<p>Calcinha love, em poliamida com elastano, conforto extra, com detalhe de renda. Cos m\u00e9dio. Cores sortidas ( n\u00e3o \u00e9 poss\u00edvel escolher) enviaremos conforme estoque! Tamanho P ( 34\/36) Tamanho M ( 38\/40) Tamanho G (42\/44) Tamanho GG (46\/48)<\/p>\n","protected":false},"featured_media":6177,"template":"","meta":[],"product_brand":[],"product_cat":[604,323,24],"product_tag":[185,181,86],"class_list":{"0":"post-6183","1":"product","2":"type-product","3":"status-publish","4":"has-post-thumbnail","6":"product_cat-calcinhas","7":"product_cat-conjuntos-comfy","8":"product_cat-lingeries","9":"product_tag-calcinha","10":"product_tag-lingerie","11":"product_tag-love","12":"pa_tamanho-p","13":"pa_tamanho-m","14":"pa_tamanho-g","15":"pa_tamanho-gg","17":"first","18":"instock","19":"shipping-taxable","20":"purchasable","21":"product-type-variable"},"yoast_head":"<!-- This site is optimized with the Yoast SEO plugin v27.2 - https:\/\/yoast.com\/product\/yoast-seo-wordpress\/ -->\n<title>Calcinha LOVE \ud83e\ude77 - Feline<\/title>\n<meta name=\"robots\" content=\"index, follow, max-snippet:-1, max-image-preview:large, max-video-preview:-1\" \/>\n<link rel=\"canonical\" href=\"https:\/\/felinelingeries.com\/loja-virtual\/produto\/calcinha-love-\ud83e\ude77\/\" \/>\n<meta property=\"og:locale\" content=\"pt_BR\" \/>\n<meta property=\"og:type\" content=\"article\" \/>\n<meta property=\"og:title\" content=\"Calcinha LOVE \ud83e\ude77 - Feline\" \/>\n<meta property=\"og:description\" content=\"Calcinha love, em poliamida com elastano, conforto extra, com detalhe de renda. Cos m\u00e9dio. Cores sortidas ( n\u00e3o \u00e9 poss\u00edvel escolher) enviaremos conforme estoque! Tamanho P ( 34\/36) Tamanho M ( 38\/40) Tamanho G (42\/44) Tamanho GG (46\/48)\" \/>\n<meta property=\"og:url\" content=\"https:\/\/felinelingeries.com\/loja-virtual\/produto\/calcinha-love-\ud83e\ude77\/\" \/>\n<meta property=\"og:site_name\" content=\"Feline\" \/>\n<meta property=\"article:publisher\" content=\"https:\/\/www.facebook.com\/amofeline\" \/>\n<meta property=\"article:modified_time\" content=\"2026-04-10T18:45:24+00:00\" \/>\n<meta property=\"og:image\" content=\"https:\/\/i0.wp.com\/felinelingeries.com\/loja-virtual\/wp-content\/uploads\/2026\/04\/img_4177-scaled.jpeg?fit=2560%2C1970&ssl=1\" \/>\n\t<meta property=\"og:image:width\" content=\"2560\" \/>\n\t<meta property=\"og:image:height\" content=\"1970\" \/>\n\t<meta property=\"og:image:type\" content=\"image\/jpeg\" \/>\n<meta name=\"twitter:card\" content=\"summary_large_image\" \/>\n<script type=\"application\/ld+json\" class=\"yoast-schema-graph\">{\"@context\":\"https:\/\/schema.org\",\"@graph\":[{\"@type\":\"WebPage\",\"@id\":\"https:\/\/felinelingeries.com\/loja-virtual\/produto\/calcinha-love-%f0%9f%a9%b7\/\",\"url\":\"https:\/\/felinelingeries.com\/loja-virtual\/produto\/calcinha-love-%f0%9f%a9%b7\/\",\"name\":\"Calcinha LOVE \ud83e\ude77 - Feline\",\"isPartOf\":{\"@id\":\"https:\/\/felinelingeries.com\/loja-virtual\/#website\"},\"primaryImageOfPage\":{\"@id\":\"https:\/\/felinelingeries.com\/loja-virtual\/produto\/calcinha-love-%f0%9f%a9%b7\/#primaryimage\"},\"image\":{\"@id\":\"https:\/\/felinelingeries.com\/loja-virtual\/produto\/calcinha-love-%f0%9f%a9%b7\/#primaryimage\"},\"thumbnailUrl\":\"https:\/\/i0.wp.com\/felinelingeries.com\/loja-virtual\/wp-content\/uploads\/2026\/04\/img_4177-scaled.jpeg?fit=2560%2C1970&ssl=1\",\"datePublished\":\"2026-04-10T18:40:40+00:00\",\"dateModified\":\"2026-04-10T18:45:24+00:00\",\"breadcrumb\":{\"@id\":\"https:\/\/felinelingeries.com\/loja-virtual\/produto\/calcinha-love-%f0%9f%a9%b7\/#breadcrumb\"},\"inLanguage\":\"pt-BR\",\"potentialAction\":[{\"@type\":\"ReadAction\",\"target\":[\"https:\/\/felinelingeries.com\/loja-virtual\/produto\/calcinha-love-%f0%9f%a9%b7\/\"]}]},{\"@type\":\"ImageObject\",\"inLanguage\":\"pt-BR\",\"@id\":\"https:\/\/felinelingeries.com\/loja-virtual\/produto\/calcinha-love-%f0%9f%a9%b7\/#primaryimage\",\"url\":\"https:\/\/i0.wp.com\/felinelingeries.com\/loja-virtual\/wp-content\/uploads\/2026\/04\/img_4177-scaled.jpeg?fit=2560%2C1970&ssl=1\",\"contentUrl\":\"https:\/\/i0.wp.com\/felinelingeries.com\/loja-virtual\/wp-content\/uploads\/2026\/04\/img_4177-scaled.jpeg?fit=2560%2C1970&ssl=1\",\"width\":2560,\"height\":1970},{\"@type\":\"BreadcrumbList\",\"@id\":\"https:\/\/felinelingeries.com\/loja-virtual\/produto\/calcinha-love-%f0%9f%a9%b7\/#breadcrumb\",\"itemListElement\":[{\"@type\":\"ListItem\",\"position\":1,\"name\":\"In\u00edcio\",\"item\":\"https:\/\/felinelingeries.com\/loja-virtual\/\"},{\"@type\":\"ListItem\",\"position\":2,\"name\":\"Shop\",\"item\":\"https:\/\/felinelingeries.com\/loja-virtual\/shop\/\"},{\"@type\":\"ListItem\",\"position\":3,\"name\":\"Calcinha LOVE \ud83e\ude77\"}]},{\"@type\":\"WebSite\",\"@id\":\"https:\/\/felinelingeries.com\/loja-virtual\/#website\",\"url\":\"https:\/\/felinelingeries.com\/loja-virtual\/\",\"name\":\"Feline\",\"description\":\"Loja online especializada em pijamas, biqu\u00ednis e underwear de alta qualidade\",\"publisher\":{\"@id\":\"https:\/\/felinelingeries.com\/loja-virtual\/#organization\"},\"potentialAction\":[{\"@type\":\"SearchAction\",\"target\":{\"@type\":\"EntryPoint\",\"urlTemplate\":\"https:\/\/felinelingeries.com\/loja-virtual\/?s={search_term_string}\"},\"query-input\":{\"@type\":\"PropertyValueSpecification\",\"valueRequired\":true,\"valueName\":\"search_term_string\"}}],\"inLanguage\":\"pt-BR\"},{\"@type\":\"Organization\",\"@id\":\"https:\/\/felinelingeries.com\/loja-virtual\/#organization\",\"name\":\"Feline\",\"url\":\"https:\/\/felinelingeries.com\/loja-virtual\/\",\"logo\":{\"@type\":\"ImageObject\",\"inLanguage\":\"pt-BR\",\"@id\":\"https:\/\/felinelingeries.com\/loja-virtual\/#\/schema\/logo\/image\/\",\"url\":\"https:\/\/i0.wp.com\/felinelingeries.com\/loja-virtual\/wp-content\/uploads\/2024\/08\/logoFelineRedimensionada2.png?fit=300%2C127&ssl=1\",\"contentUrl\":\"https:\/\/i0.wp.com\/felinelingeries.com\/loja-virtual\/wp-content\/uploads\/2024\/08\/logoFelineRedimensionada2.png?fit=300%2C127&ssl=1\",\"width\":300,\"height\":127,\"caption\":\"Feline\"},\"image\":{\"@id\":\"https:\/\/felinelingeries.com\/loja-virtual\/#\/schema\/logo\/image\/\"},\"sameAs\":[\"https:\/\/www.facebook.com\/amofeline\",\"https:\/\/www.instagram.com\/naira_feline\/\"]}]}<\/script>\n<!-- \/ Yoast SEO plugin. -->","yoast_head_json":{"title":"Calcinha LOVE \ud83e\ude77 - Feline","robots":{"index":"index","follow":"follow","max-snippet":"max-snippet:-1","max-image-preview":"max-image-preview:large","max-video-preview":"max-video-preview:-1"},"canonical":"https:\/\/felinelingeries.com\/loja-virtual\/produto\/calcinha-love-\ud83e\ude77\/","og_locale":"pt_BR","og_type":"article","og_title":"Calcinha LOVE \ud83e\ude77 - Feline","og_description":"Calcinha love, em poliamida com elastano, conforto extra, com detalhe de renda. Cos m\u00e9dio. Cores sortidas ( n\u00e3o \u00e9 poss\u00edvel escolher) enviaremos conforme estoque! Tamanho P ( 34\/36) Tamanho M ( 38\/40) Tamanho G (42\/44) Tamanho GG (46\/48)","og_url":"https:\/\/felinelingeries.com\/loja-virtual\/produto\/calcinha-love-\ud83e\ude77\/","og_site_name":"Feline","article_publisher":"https:\/\/www.facebook.com\/amofeline","article_modified_time":"2026-04-10T18:45:24+00:00","og_image":[{"width":2560,"height":1970,"url":"https:\/\/i0.wp.com\/felinelingeries.com\/loja-virtual\/wp-content\/uploads\/2026\/04\/img_4177-scaled.jpeg?fit=2560%2C1970&ssl=1","type":"image\/jpeg"}],"twitter_card":"summary_large_image","schema":{"@context":"https:\/\/schema.org","@graph":[{"@type":"WebPage","@id":"https:\/\/felinelingeries.com\/loja-virtual\/produto\/calcinha-love-%f0%9f%a9%b7\/","url":"https:\/\/felinelingeries.com\/loja-virtual\/produto\/calcinha-love-%f0%9f%a9%b7\/","name":"Calcinha LOVE \ud83e\ude77 - Feline","isPartOf":{"@id":"https:\/\/felinelingeries.com\/loja-virtual\/#website"},"primaryImageOfPage":{"@id":"https:\/\/felinelingeries.com\/loja-virtual\/produto\/calcinha-love-%f0%9f%a9%b7\/#primaryimage"},"image":{"@id":"https:\/\/felinelingeries.com\/loja-virtual\/produto\/calcinha-love-%f0%9f%a9%b7\/#primaryimage"},"thumbnailUrl":"https:\/\/i0.wp.com\/felinelingeries.com\/loja-virtual\/wp-content\/uploads\/2026\/04\/img_4177-scaled.jpeg?fit=2560%2C1970&ssl=1","datePublished":"2026-04-10T18:40:40+00:00","dateModified":"2026-04-10T18:45:24+00:00","breadcrumb":{"@id":"https:\/\/felinelingeries.com\/loja-virtual\/produto\/calcinha-love-%f0%9f%a9%b7\/#breadcrumb"},"inLanguage":"pt-BR","potentialAction":[{"@type":"ReadAction","target":["https:\/\/felinelingeries.com\/loja-virtual\/produto\/calcinha-love-%f0%9f%a9%b7\/"]}]},{"@type":"ImageObject","inLanguage":"pt-BR","@id":"https:\/\/felinelingeries.com\/loja-virtual\/produto\/calcinha-love-%f0%9f%a9%b7\/#primaryimage","url":"https:\/\/i0.wp.com\/felinelingeries.com\/loja-virtual\/wp-content\/uploads\/2026\/04\/img_4177-scaled.jpeg?fit=2560%2C1970&ssl=1","contentUrl":"https:\/\/i0.wp.com\/felinelingeries.com\/loja-virtual\/wp-content\/uploads\/2026\/04\/img_4177-scaled.jpeg?fit=2560%2C1970&ssl=1","width":2560,"height":1970},{"@type":"BreadcrumbList","@id":"https:\/\/felinelingeries.com\/loja-virtual\/produto\/calcinha-love-%f0%9f%a9%b7\/#breadcrumb","itemListElement":[{"@type":"ListItem","position":1,"name":"In\u00edcio","item":"https:\/\/felinelingeries.com\/loja-virtual\/"},{"@type":"ListItem","position":2,"name":"Shop","item":"https:\/\/felinelingeries.com\/loja-virtual\/shop\/"},{"@type":"ListItem","position":3,"name":"Calcinha LOVE \ud83e\ude77"}]},{"@type":"WebSite","@id":"https:\/\/felinelingeries.com\/loja-virtual\/#website","url":"https:\/\/felinelingeries.com\/loja-virtual\/","name":"Feline","description":"Loja online especializada em pijamas, biqu\u00ednis e underwear de alta qualidade","publisher":{"@id":"https:\/\/felinelingeries.com\/loja-virtual\/#organization"},"potentialAction":[{"@type":"SearchAction","target":{"@type":"EntryPoint","urlTemplate":"https:\/\/felinelingeries.com\/loja-virtual\/?s={search_term_string}"},"query-input":{"@type":"PropertyValueSpecification","valueRequired":true,"valueName":"search_term_string"}}],"inLanguage":"pt-BR"},{"@type":"Organization","@id":"https:\/\/felinelingeries.com\/loja-virtual\/#organization","name":"Feline","url":"https:\/\/felinelingeries.com\/loja-virtual\/","logo":{"@type":"ImageObject","inLanguage":"pt-BR","@id":"https:\/\/felinelingeries.com\/loja-virtual\/#\/schema\/logo\/image\/","url":"https:\/\/i0.wp.com\/felinelingeries.com\/loja-virtual\/wp-content\/uploads\/2024\/08\/logoFelineRedimensionada2.png?fit=300%2C127&ssl=1","contentUrl":"https:\/\/i0.wp.com\/felinelingeries.com\/loja-virtual\/wp-content\/uploads\/2024\/08\/logoFelineRedimensionada2.png?fit=300%2C127&ssl=1","width":300,"height":127,"caption":"Feline"},"image":{"@id":"https:\/\/felinelingeries.com\/loja-virtual\/#\/schema\/logo\/image\/"},"sameAs":["https:\/\/www.facebook.com\/amofeline","https:\/\/www.instagram.com\/naira_feline\/"]}]}},"jetpack_sharing_enabled":true,"_links":{"self":[{"href":"https:\/\/felinelingeries.com\/loja-virtual\/wp-json\/wp\/v2\/product\/6183","targetHints":{"allow":["GET"]}}],"collection":[{"href":"https:\/\/felinelingeries.com\/loja-virtual\/wp-json\/wp\/v2\/product"}],"about":[{"href":"https:\/\/felinelingeries.com\/loja-virtual\/wp-json\/wp\/v2\/types\/product"}],"wp:featuredmedia":[{"embeddable":true,"href":"https:\/\/felinelingeries.com\/loja-virtual\/wp-json\/wp\/v2\/media\/6177"}],"wp:attachment":[{"href":"https:\/\/felinelingeries.com\/loja-virtual\/wp-json\/wp\/v2\/media?parent=6183"}],"wp:term":[{"taxonomy":"product_brand","embeddable":true,"href":"https:\/\/felinelingeries.com\/loja-virtual\/wp-json\/wp\/v2\/product_brand?post=6183"},{"taxonomy":"product_cat","embeddable":true,"href":"https:\/\/felinelingeries.com\/loja-virtual\/wp-json\/wp\/v2\/product_cat?post=6183"},{"taxonomy":"product_tag","embeddable":true,"href":"https:\/\/felinelingeries.com\/loja-virtual\/wp-json\/wp\/v2\/product_tag?post=6183"}],"curies":[{"name":"wp","href":"https:\/\/api.w.org\/{rel}","templated":true}]}}